{"id":1004,"date":"2018-02-15T19:41:38","date_gmt":"2018-02-15T18:41:38","guid":{"rendered":"http:\/\/binz-partner.de\/web\/?page_id=1004"},"modified":"2018-04-13T10:57:52","modified_gmt":"2018-04-13T08:57:52","slug":"unternehmenstransaktionen","status":"publish","type":"page","link":"https:\/\/binz-partner.de\/web\/profil\/unternehmenstransaktionen\/","title":{"rendered":"Unternehmenstransaktionen"},"content":{"rendered":"<p>[vc_row columns_on_tablet=&#8220;keep&#8220; padding_top=&#8220;30&#8243; padding_bottom=&#8220;30&#8243; use_background=&#8220;yes&#8220; background_color=&#8220;#ffffff&#8220; use_overlay_background_color=&#8220;true&#8220;][vc_column h_text_align=&#8220;left&#8220; h_text_align_mobile=&#8220;left-on-mobile&#8220; v_align=&#8220;v-align-middle&#8220; use_background=&#8220;yes&#8220; background_color=&#8220;#ffffff&#8220; column_offset=&#8220;&#8220; column_push=&#8220;&#8220; column_pull=&#8220;&#8220; width=&#8220;1\/1&#8243;][tm_hero_2 image_id=&#8220;975&#8243; hero_column_width=&#8220;8&#8243; hero_column_offset=&#8220;2&#8243; textarea_html_bkg_color=&#8220;#ffffff&#8220; text_color=&#8220;#ffffff&#8220; content_animation=&#8220;slideInUpShort&#8220;]<\/p>\n<h2><\/h2>\n<p>[\/tm_hero_2][\/vc_column][\/vc_row][vc_row force_fullwidth=&#8220;true&#8220; columns_on_tablet=&#8220;keep&#8220; padding_top=&#8220;30&#8243; padding_bottom=&#8220;30&#8243; use_background=&#8220;yes&#8220; background_color=&#8220;#ffffff&#8220; is_section_block=&#8220;yes&#8220;][vc_column h_text_align=&#8220;left&#8220; h_text_align_mobile=&#8220;left-on-mobile&#8220; v_align=&#8220;v-align-middle&#8220; use_background=&#8220;yes&#8220; background_color=&#8220;#ffffff&#8220; column_offset=&#8220;1&#8243; column_push=&#8220;&#8220; column_pull=&#8220;&#8220; width=&#8220;2\/3&#8243;][tm_textblock textarea_html_bkg_color=&#8220;#ffffff&#8220;]<\/p>\n<h1>Kauf und Verkauf von Familienunternehmen (M&amp;A)<\/h1>\n<p class=\"lead\">Aufgrund der zunehmenden Globalisierung und Konzentrationsprozesse in einzelnen Branchen, aber auch im Zuge des Generationswechsels ist bei Familienunternehmen in den letzten Jahren ein deutlicher Anstieg von Unternehmenstransaktionen (M&amp;A) zu verzeichnen.<\/p>\n<p>[\/tm_textblock][tm_textblock textarea_html_bkg_color=&#8220;#ffffff&#8220;]Teilweise sind diese Transaktionen auch Folge von Auseinandersetzungen im Gesellschafterkreis, die entweder (wie im Fall Voith) zu einer Realteilung, einem Gesamtverkauf oder zum Auskauf einzelner Gesellschafter oder Gesellschafterst\u00e4mme f\u00fchren. Wir begleiten Inhaberfamilien und deren Mitglieder bei diesem Proze\u00df, entwickeln eine ma\u00dfgeschneiderte Kauf- bzw Verkaufsstrategie, organisieren Unternehmensbewertungen im Vorfeld, wirken bei der optimalen steuerlichen und rechtlichen Gestaltung mit und f\u00fchren &#8211; auf Wunsch eigenverantwortlich &#8211; die komplexen Preis- und Vertragsverhandlungen. Wir verf\u00fcgen \u00fcber jahrzehntelange Erfahrungen mit familieninternen wie externen Auktionsverfahren aller Spielarten. Unsere St\u00e4rke sind unsere Expertise, unsere interdisziplin\u00e4re Sicht als Generalist und unser gro\u00dfer ungebrochener Ehrgeiz, f\u00fcr unsere Mandanten jeweils das maximal m\u00f6gliche wirtschaftliche Ergebnis zu erzielen.<\/p>\n<p><a class='button content-button-css-1  medium mb-30 mb-mobile-30' href='\/web\/profil'>Zur\u00fcck \u2192<\/a><div class=\"clear\"><\/div>[\/tm_textblock][\/vc_column][vc_column h_text_align=&#8220;left&#8220; h_text_align_mobile=&#8220;left&#8220; v_align=&#8220;v-align-middle&#8220; use_background=&#8220;&#8220; width=&#8220;1\/3&#8243;][\/vc_column][\/vc_row]<\/p>","protected":false},"excerpt":{"rendered":"<p>[vc_row columns_on_tablet=&#8220;keep&#8220; padding_top=&#8220;30&#8243; padding_bottom=&#8220;30&#8243; use_background=&#8220;yes&#8220; background_color=&#8220;#ffffff&#8220; use_overlay_background_color=&#8220;true&#8220;][vc_column h_text_align=&#8220;left&#8220; h_text_align_mobile=&#8220;left-on-mobile&#8220; v_align=&#8220;v-align-middle&#8220; use_background=&#8220;yes&#8220; background_color=&#8220;#ffffff&#8220; column_offset=&#8220;&#8220; column_push=&#8220;&#8220; column_pull=&#8220;&#8220; width=&#8220;1\/1&#8243;][tm_hero_2 image_id=&#8220;975&#8243; hero_column_width=&#8220;8&#8243; hero_column_offset=&#8220;2&#8243; textarea_html_bkg_color=&#8220;#ffffff&#8220; text_color=&#8220;#ffffff&#8220; content_animation=&#8220;slideInUpShort&#8220;] [\/tm_hero_2][\/vc_column][\/vc_row][vc_row force_fullwidth=&#8220;true&#8220; columns_on_tablet=&#8220;keep&#8220; padding_top=&#8220;30&#8243; padding_bottom=&#8220;30&#8243; use_background=&#8220;yes&#8220; background_color=&#8220;#ffffff&#8220; is_section_block=&#8220;yes&#8220;][vc_column h_text_align=&#8220;left&#8220; h_text_align_mobile=&#8220;left-on-mobile&#8220; v_align=&#8220;v-align-middle&#8220; use_background=&#8220;yes&#8220; background_color=&#8220;#ffffff&#8220; column_offset=&#8220;1&#8243; column_push=&#8220;&#8220; column_pull=&#8220;&#8220; width=&#8220;2\/3&#8243;][tm_textblock textarea_html_bkg_color=&#8220;#ffffff&#8220;] Kauf und Verkauf von Familienunternehmen (M&amp;A) Aufgrund der zunehmenden Globalisierung und Konzentrationsprozesse in einzelnen Branchen, &#8230; <\/p>\n","protected":false},"author":2,"featured_media":0,"parent":136,"menu_order":0,"comment_status":"closed","ping_status":"closed","template":"","meta":[],"_links":{"self":[{"href":"https:\/\/binz-partner.de\/web\/wp-json\/wp\/v2\/pages\/1004"}],"collection":[{"href":"https:\/\/binz-partner.de\/web\/wp-json\/wp\/v2\/pages"}],"about":[{"href":"https:\/\/binz-partner.de\/web\/wp-json\/wp\/v2\/types\/page"}],"author":[{"embeddable":true,"href":"https:\/\/binz-partner.de\/web\/wp-json\/wp\/v2\/users\/2"}],"replies":[{"embeddable":true,"href":"https:\/\/binz-partner.de\/web\/wp-json\/wp\/v2\/comments?post=1004"}],"version-history":[{"count":6,"href":"https:\/\/binz-partner.de\/web\/wp-json\/wp\/v2\/pages\/1004\/revisions"}],"predecessor-version":[{"id":1127,"href":"https:\/\/binz-partner.de\/web\/wp-json\/wp\/v2\/pages\/1004\/revisions\/1127"}],"up":[{"embeddable":true,"href":"https:\/\/binz-partner.de\/web\/wp-json\/wp\/v2\/pages\/136"}],"wp:attachment":[{"href":"https:\/\/binz-partner.de\/web\/wp-json\/wp\/v2\/media?parent=1004"}],"curies":[{"name":"wp","href":"https:\/\/api.w.org\/{rel}","templated":true}]}}