{"id":1008,"date":"2018-02-15T19:43:49","date_gmt":"2018-02-15T18:43:49","guid":{"rendered":"http:\/\/binz-partner.de\/web\/?page_id=1008"},"modified":"2018-04-03T14:52:32","modified_gmt":"2018-04-03T12:52:32","slug":"unternehmensoptimierung","status":"publish","type":"page","link":"https:\/\/binz-partner.de\/web\/profil\/unternehmensoptimierung\/","title":{"rendered":"Unternehmensoptimierung"},"content":{"rendered":"<p>[vc_row columns_on_tablet=&#8220;keep&#8220; padding_top=&#8220;30&#8243; padding_bottom=&#8220;30&#8243; use_background=&#8220;yes&#8220; background_color=&#8220;#ffffff&#8220; use_overlay_background_color=&#8220;true&#8220;][vc_column h_text_align=&#8220;left&#8220; h_text_align_mobile=&#8220;left-on-mobile&#8220; v_align=&#8220;v-align-middle&#8220; use_background=&#8220;yes&#8220; background_color=&#8220;#ffffff&#8220; column_offset=&#8220;&#8220; column_push=&#8220;&#8220; column_pull=&#8220;&#8220; width=&#8220;1\/1&#8243;][tm_hero_2 image_id=&#8220;975&#8243; hero_column_width=&#8220;8&#8243; hero_column_offset=&#8220;2&#8243; textarea_html_bkg_color=&#8220;#ffffff&#8220; text_color=&#8220;#ffffff&#8220; content_animation=&#8220;slideInUpShort&#8220;]<\/p>\n<h2><\/h2>\n<p>[\/tm_hero_2][\/vc_column][\/vc_row][vc_row force_fullwidth=&#8220;true&#8220; columns_on_tablet=&#8220;keep&#8220; padding_top=&#8220;30&#8243; padding_bottom=&#8220;30&#8243; use_background=&#8220;yes&#8220; background_color=&#8220;#ffffff&#8220; is_section_block=&#8220;yes&#8220;][vc_column h_text_align=&#8220;left&#8220; h_text_align_mobile=&#8220;left-on-mobile&#8220; v_align=&#8220;v-align-middle&#8220; use_background=&#8220;yes&#8220; background_color=&#8220;#ffffff&#8220; column_offset=&#8220;1&#8243; column_push=&#8220;&#8220; column_pull=&#8220;&#8220; width=&#8220;2\/3&#8243;][tm_textblock textarea_html_bkg_color=&#8220;#ffffff&#8220;]<\/p>\n<h1>Optimierung von Familienunternehmen<\/h1>\n<p class=\"lead\">Die ganzheitliche Beratung von Familienunternehmen erfordert die laufende Anpassung von Unternehmensstruktur, Rechtsform und Gesellschaftsvertrag an ge\u00e4nderte wirtschaftliche, rechtliche und steuerliche Rahmenbedingungen.<\/p>\n<p>[\/tm_textblock][tm_textblock textarea_html_bkg_color=&#8220;#ffffff&#8220;]Insbesondere der Rechtsform kommt &#8211; sei es zur Vermeidung einer parit\u00e4tischen Mitbestimmung im Aufsichtsrat, sei es zur optimalen F\u00fchrung eines Familienunternehmens, bei dem die Familie nicht (mehr) in der Gesch\u00e4ftsf\u00fchrung vertreten ist, sei es zur Vorbereitung eines anstehenden Generationswechsels &#8211; oft entscheidende Bedeutung zu. So kann etwa die Umwandlung in eine europ\u00e4ische Aktiengesellschaft (SE) oder SE &amp; Co. KG nicht nur eine Expansion in Europa erleichtern und eine bestehende Mitbestimmungsfreiheit perpetuieren, sondern in ihrer monistischen Form auch einzelnen Familienmitgliedern die M\u00f6glichkeit er\u00f6ffnen, als aktives Verwaltungsratsmitglied die Gesch\u00e4ftspolitik mitzubestimmen, ohne in das Tagesgesch\u00e4ft eingebunden zu sein.<\/p>\n<p>Vielfach besteht in der Unternehmerfamilie auch der Wunsch, zwar nicht an die B\u00f6rse gehen zu wollen, aber als AG oder SE die hohen Standards eines b\u00f6rsennotierten Unternehmens wie IFRS oder interne \u00dcberwachungssysteme freiwillig zu erf\u00fcllen. Insbesondere, wenn das Familienunternehmen als GmbH oder als Personengesellschaft organisiert ist, spielt auch die \u201erichtige\u201c Satzung bzw der Gesellschaftsvertrag eine entscheidende Rolle. Hier kann sehr viel falsch gemacht werden, wenn man nur an eine mi\u00dfgl\u00fcckte Nachfolgeklausel, an eine unwirksame Abfindungsregelung im K\u00fcndigungsfall, an ein ungewolltes Einstimmigkeitserfodernis oder eine fehlende Schiedsgerichtsklausel denkt, so dass jede ungel\u00f6ste Streitfrage zu einem viele Jahre w\u00e4hrenden Rechtsstreit \u00fcber mehrere Instanzen f\u00fchren und die besten F\u00fchrungskr\u00e4fte vergraulen kann.<\/p>\n<p><a class='button content-button-css-1  medium mb-30 mb-mobile-30' href='\/web\/profil'>Zur\u00fcck \u2192<\/a><div class=\"clear\"><\/div>[\/tm_textblock][\/vc_column][vc_column h_text_align=&#8220;left&#8220; h_text_align_mobile=&#8220;left&#8220; v_align=&#8220;v-align-middle&#8220; use_background=&#8220;&#8220; width=&#8220;1\/3&#8243;][\/vc_column][\/vc_row]<\/p>","protected":false},"excerpt":{"rendered":"<p>[vc_row columns_on_tablet=&#8220;keep&#8220; padding_top=&#8220;30&#8243; padding_bottom=&#8220;30&#8243; use_background=&#8220;yes&#8220; background_color=&#8220;#ffffff&#8220; use_overlay_background_color=&#8220;true&#8220;][vc_column h_text_align=&#8220;left&#8220; h_text_align_mobile=&#8220;left-on-mobile&#8220; v_align=&#8220;v-align-middle&#8220; use_background=&#8220;yes&#8220; background_color=&#8220;#ffffff&#8220; column_offset=&#8220;&#8220; column_push=&#8220;&#8220; column_pull=&#8220;&#8220; width=&#8220;1\/1&#8243;][tm_hero_2 image_id=&#8220;975&#8243; hero_column_width=&#8220;8&#8243; hero_column_offset=&#8220;2&#8243; textarea_html_bkg_color=&#8220;#ffffff&#8220; text_color=&#8220;#ffffff&#8220; content_animation=&#8220;slideInUpShort&#8220;] [\/tm_hero_2][\/vc_column][\/vc_row][vc_row force_fullwidth=&#8220;true&#8220; columns_on_tablet=&#8220;keep&#8220; padding_top=&#8220;30&#8243; padding_bottom=&#8220;30&#8243; use_background=&#8220;yes&#8220; background_color=&#8220;#ffffff&#8220; is_section_block=&#8220;yes&#8220;][vc_column h_text_align=&#8220;left&#8220; h_text_align_mobile=&#8220;left-on-mobile&#8220; v_align=&#8220;v-align-middle&#8220; use_background=&#8220;yes&#8220; background_color=&#8220;#ffffff&#8220; column_offset=&#8220;1&#8243; column_push=&#8220;&#8220; column_pull=&#8220;&#8220; width=&#8220;2\/3&#8243;][tm_textblock textarea_html_bkg_color=&#8220;#ffffff&#8220;] Optimierung von Familienunternehmen Die ganzheitliche Beratung von Familienunternehmen erfordert die laufende Anpassung von Unternehmensstruktur, Rechtsform &#8230; <\/p>\n","protected":false},"author":2,"featured_media":0,"parent":136,"menu_order":0,"comment_status":"closed","ping_status":"closed","template":"","meta":[],"_links":{"self":[{"href":"https:\/\/binz-partner.de\/web\/wp-json\/wp\/v2\/pages\/1008"}],"collection":[{"href":"https:\/\/binz-partner.de\/web\/wp-json\/wp\/v2\/pages"}],"about":[{"href":"https:\/\/binz-partner.de\/web\/wp-json\/wp\/v2\/types\/page"}],"author":[{"embeddable":true,"href":"https:\/\/binz-partner.de\/web\/wp-json\/wp\/v2\/users\/2"}],"replies":[{"embeddable":true,"href":"https:\/\/binz-partner.de\/web\/wp-json\/wp\/v2\/comments?post=1008"}],"version-history":[{"count":5,"href":"https:\/\/binz-partner.de\/web\/wp-json\/wp\/v2\/pages\/1008\/revisions"}],"predecessor-version":[{"id":1176,"href":"https:\/\/binz-partner.de\/web\/wp-json\/wp\/v2\/pages\/1008\/revisions\/1176"}],"up":[{"embeddable":true,"href":"https:\/\/binz-partner.de\/web\/wp-json\/wp\/v2\/pages\/136"}],"wp:attachment":[{"href":"https:\/\/binz-partner.de\/web\/wp-json\/wp\/v2\/media?parent=1008"}],"curies":[{"name":"wp","href":"https:\/\/api.w.org\/{rel}","templated":true}]}}