{"id":1010,"date":"2018-02-15T19:44:59","date_gmt":"2018-02-15T18:44:59","guid":{"rendered":"http:\/\/binz-partner.de\/web\/?page_id=1010"},"modified":"2018-04-13T11:06:50","modified_gmt":"2018-04-13T09:06:50","slug":"aufsichtsrats-und-beiratsmandate","status":"publish","type":"page","link":"https:\/\/binz-partner.de\/web\/profil\/aufsichtsrats-und-beiratsmandate\/","title":{"rendered":"Aufsichtsrats- und Beiratsmandate"},"content":{"rendered":"<p>[vc_row columns_on_tablet=&#8220;keep&#8220; padding_top=&#8220;30&#8243; padding_bottom=&#8220;30&#8243; use_background=&#8220;yes&#8220; background_color=&#8220;#ffffff&#8220; use_overlay_background_color=&#8220;true&#8220;][vc_column h_text_align=&#8220;left&#8220; h_text_align_mobile=&#8220;left-on-mobile&#8220; v_align=&#8220;v-align-middle&#8220; use_background=&#8220;yes&#8220; background_color=&#8220;#ffffff&#8220; column_offset=&#8220;&#8220; column_push=&#8220;&#8220; column_pull=&#8220;&#8220; width=&#8220;1\/1&#8243;][tm_hero_2 image_id=&#8220;975&#8243; hero_column_width=&#8220;8&#8243; hero_column_offset=&#8220;2&#8243; textarea_html_bkg_color=&#8220;#ffffff&#8220; text_color=&#8220;#ffffff&#8220; content_animation=&#8220;slideInUpShort&#8220;]<\/p>\n<h2><\/h2>\n<p>[\/tm_hero_2][\/vc_column][\/vc_row][vc_row force_fullwidth=&#8220;true&#8220; columns_on_tablet=&#8220;keep&#8220; padding_top=&#8220;30&#8243; padding_bottom=&#8220;30&#8243; use_background=&#8220;yes&#8220; background_color=&#8220;#ffffff&#8220; is_section_block=&#8220;yes&#8220;][vc_column h_text_align=&#8220;left&#8220; h_text_align_mobile=&#8220;left-on-mobile&#8220; v_align=&#8220;v-align-middle&#8220; use_background=&#8220;yes&#8220; background_color=&#8220;#ffffff&#8220; column_offset=&#8220;1&#8243; column_push=&#8220;&#8220; column_pull=&#8220;&#8220; width=&#8220;2\/3&#8243;][tm_textblock textarea_html_bkg_color=&#8220;#ffffff&#8220;]<\/p>\n<h1>Aufsichtsrats- und Beiratsmandate<\/h1>\n<p class=\"lead\">Moderne Familienunternehmen verf\u00fcgen heute in aller Regel \u00fcber ein Aufsichtsgremium, um ihren Einfluss auf die Unternehmenspolitik auch dann sicherstellen zu k\u00f6nnen, wenn kein Familienglied (mehr) in der Gesch\u00e4ftsf\u00fchrung vertreten sein sollte.<\/p>\n<p>[\/tm_textblock][tm_textblock textarea_html_bkg_color=&#8220;#ffffff&#8220;]Handelt es sich um eine Kapitalgesellschaft, ist bei mehr als 500 inl\u00e4ndischen Arbeitnehmern ein drittelparit\u00e4tisch besetzter, ab 2.000 Arbeitnehmern ein mindestens 12-k\u00f6pfiger, parit\u00e4tisch besetzter Aufsichtsrat zwingend zu bilden. Im Falle einer GmbH &amp; Co. KG besteht ein gewisser Gestaltungsspielraum, um die auch dort ab 2.000 Arbeitnehmern vorgeschriebene parit\u00e4tische Mitbestimmung zu vermeiden (etwa durch den Einsatz einer Stiftung oder einer ausl\u00e4ndischen Komplement\u00e4r-GmbH), wovon viele gro\u00dfe Familienunternehmen auch Gebrauch gemacht haben. Die SE wiederum ist nur dann mitbestimmungspflichtig, wenn dieser Status schon vor der Umwandlung bestanden hat und nichts anderes verabredet wird.<\/p>\n<p>Ob sich nun die Familie in derartigen Gremien bei der Beschlu\u00dffassung durchsetzen kann, h\u00e4ngt unabh\u00e4ngig von der Mitbestimmungsthematik ganz generell davon ab, ob es ihr gelingt, ihre Mandate \u00fcberwiegend mit Pers\u00f6nlichkeiten zu besetzen, die einerseits ihr volles Vertrauen besitzen, die aber andererseits kraft ihrer Kompetenz, ihres Renommees und ihrer \u00dcberzeugungskraft es verstehen, die Meinungsf\u00fchrerschaft zu \u00fcbernehmen und dadurch den jeweiligen Interessen der Eigner-Familie zum Durchbruch zu verhelfen. Das gilt vor allem f\u00fcr den, in aller Regel von den Eigent\u00fcmern gestellten AR-Vorsitzenden, dem bei parit\u00e4tisch besetzen Aufsichtsr\u00e4ten in Pattsituationen ein doppeltes Stimmrecht zusteht, von dem in der Praxis aber nur z\u00f6gerlich und nur als ultima ratio Gebrauch gemacht wird. Denn im Vordergrund steht immer das Ziel, m\u00f6glichst zu einvernehmlichen L\u00f6sungen und damit Abstimmungen zu gelangen, die dann in der Belegschaft auch auf maximale Akzeptanz sto\u00dfen.<\/p>\n<p>Wir beraten bei der rechtlichen Ausgestaltung derartiger Gremien, aber auch ihrer personellen Besetzung und stehen auch gerne selbst vor\u00fcbergehend oder auf Dauer als AR oder dessen Vorsitzender zur Verf\u00fcgung, wenn es darum geht, ein neu geschaffenes Aufsichtsgremium mit Leben zu erf\u00fcllen, einen vorhandenen Beirat oder AR \u201eauf Linie\u201c zu bringen oder eine bestimmte strategische Aufgabe zu meistern.<\/p>\n<p><a class='button content-button-css-1  medium mb-30 mb-mobile-30' href='\/web\/profil'>Zur\u00fcck \u2192<\/a><div class=\"clear\"><\/div>[\/tm_textblock][\/vc_column][vc_column h_text_align=&#8220;left&#8220; h_text_align_mobile=&#8220;left&#8220; v_align=&#8220;v-align-middle&#8220; use_background=&#8220;&#8220; width=&#8220;1\/3&#8243;][\/vc_column][\/vc_row]<\/p>","protected":false},"excerpt":{"rendered":"<p>[vc_row columns_on_tablet=&#8220;keep&#8220; padding_top=&#8220;30&#8243; padding_bottom=&#8220;30&#8243; use_background=&#8220;yes&#8220; background_color=&#8220;#ffffff&#8220; use_overlay_background_color=&#8220;true&#8220;][vc_column h_text_align=&#8220;left&#8220; h_text_align_mobile=&#8220;left-on-mobile&#8220; v_align=&#8220;v-align-middle&#8220; use_background=&#8220;yes&#8220; background_color=&#8220;#ffffff&#8220; column_offset=&#8220;&#8220; column_push=&#8220;&#8220; column_pull=&#8220;&#8220; width=&#8220;1\/1&#8243;][tm_hero_2 image_id=&#8220;975&#8243; hero_column_width=&#8220;8&#8243; hero_column_offset=&#8220;2&#8243; textarea_html_bkg_color=&#8220;#ffffff&#8220; text_color=&#8220;#ffffff&#8220; content_animation=&#8220;slideInUpShort&#8220;] [\/tm_hero_2][\/vc_column][\/vc_row][vc_row force_fullwidth=&#8220;true&#8220; columns_on_tablet=&#8220;keep&#8220; padding_top=&#8220;30&#8243; padding_bottom=&#8220;30&#8243; use_background=&#8220;yes&#8220; background_color=&#8220;#ffffff&#8220; is_section_block=&#8220;yes&#8220;][vc_column h_text_align=&#8220;left&#8220; h_text_align_mobile=&#8220;left-on-mobile&#8220; v_align=&#8220;v-align-middle&#8220; use_background=&#8220;yes&#8220; background_color=&#8220;#ffffff&#8220; column_offset=&#8220;1&#8243; column_push=&#8220;&#8220; column_pull=&#8220;&#8220; width=&#8220;2\/3&#8243;][tm_textblock textarea_html_bkg_color=&#8220;#ffffff&#8220;] Aufsichtsrats- und Beiratsmandate Moderne Familienunternehmen verf\u00fcgen heute in aller Regel \u00fcber ein Aufsichtsgremium, um ihren &#8230; <\/p>\n","protected":false},"author":2,"featured_media":0,"parent":136,"menu_order":0,"comment_status":"closed","ping_status":"closed","template":"","meta":[],"_links":{"self":[{"href":"https:\/\/binz-partner.de\/web\/wp-json\/wp\/v2\/pages\/1010"}],"collection":[{"href":"https:\/\/binz-partner.de\/web\/wp-json\/wp\/v2\/pages"}],"about":[{"href":"https:\/\/binz-partner.de\/web\/wp-json\/wp\/v2\/types\/page"}],"author":[{"embeddable":true,"href":"https:\/\/binz-partner.de\/web\/wp-json\/wp\/v2\/users\/2"}],"replies":[{"embeddable":true,"href":"https:\/\/binz-partner.de\/web\/wp-json\/wp\/v2\/comments?post=1010"}],"version-history":[{"count":3,"href":"https:\/\/binz-partner.de\/web\/wp-json\/wp\/v2\/pages\/1010\/revisions"}],"predecessor-version":[{"id":1121,"href":"https:\/\/binz-partner.de\/web\/wp-json\/wp\/v2\/pages\/1010\/revisions\/1121"}],"up":[{"embeddable":true,"href":"https:\/\/binz-partner.de\/web\/wp-json\/wp\/v2\/pages\/136"}],"wp:attachment":[{"href":"https:\/\/binz-partner.de\/web\/wp-json\/wp\/v2\/media?parent=1010"}],"curies":[{"name":"wp","href":"https:\/\/api.w.org\/{rel}","templated":true}]}}