{"id":1104,"date":"2018-03-14T11:40:10","date_gmt":"2018-03-14T10:40:10","guid":{"rendered":"http:\/\/binz-partner.de\/web\/?page_id=1104"},"modified":"2018-04-13T10:56:28","modified_gmt":"2018-04-13T08:56:28","slug":"stiftungsloesungen","status":"publish","type":"page","link":"https:\/\/binz-partner.de\/web\/profil\/stiftungsloesungen\/","title":{"rendered":"Stiftungsl\u00f6sungen"},"content":{"rendered":"<p>[vc_row columns_on_tablet=&#8220;keep&#8220; padding_top=&#8220;30&#8243; padding_bottom=&#8220;30&#8243; use_background=&#8220;yes&#8220; background_color=&#8220;#ffffff&#8220; use_overlay_background_color=&#8220;true&#8220;][vc_column h_text_align=&#8220;left&#8220; h_text_align_mobile=&#8220;left-on-mobile&#8220; v_align=&#8220;v-align-middle&#8220; use_background=&#8220;yes&#8220; background_color=&#8220;#ffffff&#8220; column_offset=&#8220;&#8220; column_push=&#8220;&#8220; column_pull=&#8220;&#8220; width=&#8220;1\/1&#8243;][tm_hero_2 image_id=&#8220;975&#8243; hero_column_width=&#8220;8&#8243; hero_column_offset=&#8220;2&#8243; textarea_html_bkg_color=&#8220;#ffffff&#8220; text_color=&#8220;#ffffff&#8220; content_animation=&#8220;slideInUpShort&#8220;]<\/p>\n<h2><\/h2>\n<p>[\/tm_hero_2][\/vc_column][\/vc_row][vc_row force_fullwidth=&#8220;true&#8220; columns_on_tablet=&#8220;keep&#8220; padding_top=&#8220;30&#8243; padding_bottom=&#8220;30&#8243; use_background=&#8220;yes&#8220; background_color=&#8220;#ffffff&#8220; is_section_block=&#8220;yes&#8220;][vc_column h_text_align=&#8220;left&#8220; h_text_align_mobile=&#8220;left-on-mobile&#8220; v_align=&#8220;v-align-middle&#8220; use_background=&#8220;yes&#8220; background_color=&#8220;#ffffff&#8220; column_offset=&#8220;1&#8243; column_push=&#8220;&#8220; column_pull=&#8220;&#8220; width=&#8220;2\/3&#8243;][tm_textblock textarea_html_bkg_color=&#8220;#ffffff&#8220;]<\/p>\n<h1>Stiftungsl\u00f6sungen<\/h1>\n<p class=\"lead\">Im Rahmen einer Nachfolgeregelung bieten Stiftungs-L\u00f6sungen vielf\u00e4ltige M\u00f6glichkeiten, die Unabh\u00e4ngigkeit und Selbst\u00e4ndigkeit eines Familienunternehmens oder eines gro\u00dfen Familienverm\u00f6gens \u00fcber Generationen hinweg zu sichern.<\/p>\n<p>[\/tm_textblock][tm_textblock textarea_html_bkg_color=&#8220;#ffffff&#8220;]W\u00e4hrend eine Dauer-Testamentsvollstreckung im Regelfall nach l\u00e4ngstens 30 Jahren beendet ist, kann eine Stiftung mit \u00e4hnlicher Intention viele 100 Jahre bestehen. Dabei darf selbst eine, von allen Steuern befreite gemeinn\u00fctzige Stiftung bis zu einem Drittel ihrer Ertr\u00e4ge zur Versorgung des Stifters und seiner Angeh\u00f6rigen einsetzen. Klassische L\u00f6sungen beinhalten allerdings meist eine Familienstiftung, bei deren Verwaltung sich der Stifter in aller Regel (nicht vererbliche) Sonderrechte vorbehalten hat und die alle 30 Jahre &#8211; als Ersatz f\u00fcr die sonst im \u00e4hnlichen zeitlichen Rhythmus anfallende Normal-Erbschaftsteuer &#8211; einer sog. Ersatz-Erbschaftsteuer unterliegt.<\/p>\n<p><a class='button content-button-css-1  medium mb-30 mb-mobile-30' href='\/web\/profil'>Zur\u00fcck \u2192<\/a><div class=\"clear\"><\/div>[\/tm_textblock][\/vc_column][vc_column h_text_align=&#8220;left&#8220; h_text_align_mobile=&#8220;left&#8220; v_align=&#8220;v-align-middle&#8220; use_background=&#8220;&#8220; width=&#8220;1\/3&#8243;][\/vc_column][\/vc_row]<\/p>","protected":false},"excerpt":{"rendered":"<p>[vc_row columns_on_tablet=&#8220;keep&#8220; padding_top=&#8220;30&#8243; padding_bottom=&#8220;30&#8243; use_background=&#8220;yes&#8220; background_color=&#8220;#ffffff&#8220; use_overlay_background_color=&#8220;true&#8220;][vc_column h_text_align=&#8220;left&#8220; h_text_align_mobile=&#8220;left-on-mobile&#8220; v_align=&#8220;v-align-middle&#8220; use_background=&#8220;yes&#8220; background_color=&#8220;#ffffff&#8220; column_offset=&#8220;&#8220; column_push=&#8220;&#8220; column_pull=&#8220;&#8220; width=&#8220;1\/1&#8243;][tm_hero_2 image_id=&#8220;975&#8243; hero_column_width=&#8220;8&#8243; hero_column_offset=&#8220;2&#8243; textarea_html_bkg_color=&#8220;#ffffff&#8220; text_color=&#8220;#ffffff&#8220; content_animation=&#8220;slideInUpShort&#8220;] [\/tm_hero_2][\/vc_column][\/vc_row][vc_row force_fullwidth=&#8220;true&#8220; columns_on_tablet=&#8220;keep&#8220; padding_top=&#8220;30&#8243; padding_bottom=&#8220;30&#8243; use_background=&#8220;yes&#8220; background_color=&#8220;#ffffff&#8220; is_section_block=&#8220;yes&#8220;][vc_column h_text_align=&#8220;left&#8220; h_text_align_mobile=&#8220;left-on-mobile&#8220; v_align=&#8220;v-align-middle&#8220; use_background=&#8220;yes&#8220; background_color=&#8220;#ffffff&#8220; column_offset=&#8220;1&#8243; column_push=&#8220;&#8220; column_pull=&#8220;&#8220; width=&#8220;2\/3&#8243;][tm_textblock textarea_html_bkg_color=&#8220;#ffffff&#8220;] Stiftungsl\u00f6sungen Im Rahmen einer Nachfolgeregelung bieten Stiftungs-L\u00f6sungen vielf\u00e4ltige M\u00f6glichkeiten, die Unabh\u00e4ngigkeit und Selbst\u00e4ndigkeit eines Familienunternehmens &#8230; <\/p>\n","protected":false},"author":2,"featured_media":0,"parent":136,"menu_order":0,"comment_status":"closed","ping_status":"closed","template":"","meta":[],"_links":{"self":[{"href":"https:\/\/binz-partner.de\/web\/wp-json\/wp\/v2\/pages\/1104"}],"collection":[{"href":"https:\/\/binz-partner.de\/web\/wp-json\/wp\/v2\/pages"}],"about":[{"href":"https:\/\/binz-partner.de\/web\/wp-json\/wp\/v2\/types\/page"}],"author":[{"embeddable":true,"href":"https:\/\/binz-partner.de\/web\/wp-json\/wp\/v2\/users\/2"}],"replies":[{"embeddable":true,"href":"https:\/\/binz-partner.de\/web\/wp-json\/wp\/v2\/comments?post=1104"}],"version-history":[{"count":1,"href":"https:\/\/binz-partner.de\/web\/wp-json\/wp\/v2\/pages\/1104\/revisions"}],"predecessor-version":[{"id":1105,"href":"https:\/\/binz-partner.de\/web\/wp-json\/wp\/v2\/pages\/1104\/revisions\/1105"}],"up":[{"embeddable":true,"href":"https:\/\/binz-partner.de\/web\/wp-json\/wp\/v2\/pages\/136"}],"wp:attachment":[{"href":"https:\/\/binz-partner.de\/web\/wp-json\/wp\/v2\/media?parent=1104"}],"curies":[{"name":"wp","href":"https:\/\/api.w.org\/{rel}","templated":true}]}}