{"id":136,"date":"2017-08-28T13:32:24","date_gmt":"2017-08-28T11:32:24","guid":{"rendered":"http:\/\/binz-partner.mediaclip.de\/web\/?page_id=136"},"modified":"2025-09-01T10:44:26","modified_gmt":"2025-09-01T08:44:26","slug":"profil","status":"publish","type":"page","link":"https:\/\/binz-partner.de\/web\/profil\/","title":{"rendered":"Profil"},"content":{"rendered":"<p>[vc_row columns_on_tablet=&#8220;keep&#8220; padding_top=&#8220;30&#8243; padding_bottom=&#8220;30&#8243; use_background=&#8220;yes&#8220; background_color=&#8220;#ffffff&#8220; use_overlay_background_color=&#8220;true&#8220;][vc_column h_text_align=&#8220;left&#8220; h_text_align_mobile=&#8220;left-on-mobile&#8220; v_align=&#8220;v-align-middle&#8220; use_background=&#8220;yes&#8220; background_color=&#8220;#ffffff&#8220; column_offset=&#8220;&#8220; column_push=&#8220;&#8220; column_pull=&#8220;&#8220; width=&#8220;1\/1&#8243;][tm_hero_2 image_id=&#8220;975&#8243; hero_column_width=&#8220;8&#8243; hero_column_offset=&#8220;2&#8243; textarea_html_bkg_color=&#8220;#ffffff&#8220; text_color=&#8220;#ffffff&#8220; content_animation=&#8220;slideInUpShort&#8220;]<\/p>\n<h2><\/h2>\n<p>[\/tm_hero_2][\/vc_column][\/vc_row][vc_row force_fullwidth=&#8220;true&#8220; columns_on_tablet=&#8220;keep&#8220; padding_top=&#8220;0&#8243; padding_bottom=&#8220;0&#8243; use_background=&#8220;yes&#8220; background_color=&#8220;#ffffff&#8220; is_section_block=&#8220;yes&#8220;][vc_column h_text_align=&#8220;left&#8220; h_text_align_mobile=&#8220;left-on-mobile&#8220; v_align=&#8220;v-align-middle&#8220; use_background=&#8220;yes&#8220; background_color=&#8220;#ffffff&#8220; column_offset=&#8220;1&#8243; column_push=&#8220;&#8220; column_pull=&#8220;&#8220; width=&#8220;5\/6&#8243;][tm_textblock textarea_html_bkg_color=&#8220;#ffffff&#8220;]<\/p>\n<h1>Auf diesen Gebieten beraten wir\u00a0Sie<\/h1>\n<p class=\"lead\">Familienunternehmen sind komplexe Gebilde mit vielf\u00e4ltigen Fallstricken, eingebettet in einen gr\u00f6\u00dferen betriebswirtschaftlichen Zusammenhang. Wir decken alle wesentlichen steuerlichen und gesellschaftsrechtlichen Aspekte Ihrer T\u00e4tigkeit ab. Dabei handelt es sich insbesondere um folgende T\u00e4tigkeitsschwerpunkte:<\/p>\n<p>[\/tm_textblock][\/vc_column][vc_column h_text_align=&#8220;left&#8220; h_text_align_mobile=&#8220;left&#8220; v_align=&#8220;v-align-middle&#8220; use_background=&#8220;&#8220; width=&#8220;1\/6&#8243;][\/vc_column][\/vc_row][vc_row force_fullwidth=&#8220;true&#8220; columns_on_tablet=&#8220;keep&#8220; padding_top=&#8220;0&#8243; padding_bottom=&#8220;30&#8243; use_background=&#8220;yes&#8220; background_color=&#8220;#ffffff&#8220; is_section_block=&#8220;yes&#8220;][vc_column h_text_align=&#8220;left&#8220; h_text_align_mobile=&#8220;left-on-mobile&#8220; v_align=&#8220;v-align-middle&#8220; use_background=&#8220;yes&#8220; background_color=&#8220;#ffffff&#8220; column_offset=&#8220;&#8220; column_push=&#8220;&#8220; column_pull=&#8220;&#8220; width=&#8220;1\/1&#8243;][tm_team_holder team_type=&#8220;team-1&#8243; items_per_row=&#8220;3&#8243; tabs_id=&#8220;1483379889-53&#8243; ignore_row=&#8220;true&#8220;][tm_team_item title=&#8220;Unternehmensnachfolge&#8220; team_content_bkg_color=&#8220;#ffffff&#8220; team_title_color=&#8220;#000000&#8243; team_occupation_color=&#8220;#666666&#8243; team_text_color=&#8220;#666666&#8243; sns_icon_color_hover=&#8220;#003366&#8243; tab_id=&#8220;1483379729-1-91a182-a18e9cdf-6e9894df-7ce39bb7-3008&#8243; el_class=&#8220;ptab1&#8243;]Die Unternehmensnachfolge ist die klassische Achillesferse eines eigent\u00fcmergef\u00fchrten Familienunternehmens. Wir unterst\u00fctzen unsere Mandanten bei der rechtzeitigen Entwicklung eines ma\u00dfgeschneiderten Nachfolgekonzeptes und dessen Umsetzung durch eine m\u00f6glichst erbschaftsteuerfreie \u201evorweggenommene Erbfolge\u201c, durch einen, die ganze Familie einbindenden Erbvertrag oder ein ausgekl\u00fcgeltes Unternehmertestament. Dabei ber\u00fccksichtigen wir neben steuerlichen auch menschlich-psychologische Aspekte und denken auch in Alternativen wie Fremdmanagement, Verkauf oder Stiftungsl\u00f6sungen.<\/p>\n<p><a class='button content-button-css-1  medium mb-0 mb-mobile-30' href='\/web\/profil\/unternehmensnachfolge'>Mehr lesen \u2192<\/a><div class=\"clear\"><\/div>[\/tm_team_item][tm_team_item title=&#8220;Stiftungsl\u00f6sungen&#8220; tab_id=&#8220;tab_id-1521023771691-0&#8243; el_class=&#8220;ptab2&#8243;]Zur Sicherung eines Familienunternehmens oder gr\u00f6\u00dferen Privatverm\u00f6gens bietet die Stiftung vielf\u00e4ltige und wenn die Rahmenbedingungen stimmen sogar einzigartige M\u00f6glichkeiten. Gemeinsam finden wir die optimale L\u00f6sung f\u00fcr Sie \u2013 sei es in Form einer Familienstiftung, einer von allen Steuerarten befreiten gemeinn\u00fctzigen Stiftung oder einer Kombination aus beiden (sog. Doppelstiftung). Auch die Rechtsform einer Stiftung &amp; Co. KG kann vorteilhaft sein, etwa um bei Unternehmen mit mehr als 2.000 Arbeitnehmern die Errichtung eines mitbestimmten Aufsichtsrates zu vermeiden.<\/p>\n<p><a class='button content-button-css-2  medium mb-0 mb-mobile-30' href='\/web\/profil\/stiftungsloesungen'>Mehr lesen \u2192<\/a><div class=\"clear\"><\/div>[\/tm_team_item][tm_team_item title=&#8220;Unternehmenskauf (M&amp;A)&#8220; team_content_bkg_color=&#8220;&#8220; team_title_color=&#8220;#000000&#8243; team_occupation_color=&#8220;#666666&#8243; team_text_color=&#8220;#666666&#8243; sns_icon_color_hover=&#8220;#003366&#8243; tab_id=&#8220;tab_id-1483380045640-8a182-a18e9cdf-6e9894df-7ce39bb7-3008&#8243; el_class=&#8220;ptab3&#8243;]Das Wesen eines Familienunternehmens bringt es mit sich, dass der Gesellschafterkreis einem laufenden Wandel unterworfen ist. Auch k\u00f6nnen \u00c4nderungen des wirtschaftlichen Umfeldes, eine fehlende Nachfolgerperspektive oder un\u00fcberbr\u00fcckbare Streitigkeiten zwischen Gesellschafterst\u00e4mmen zu einer Verkaufs- bzw. spiegelbildlich Kaufentscheidung f\u00fchren. Unsere St\u00e4rken liegen dabei in der Entwicklung einer ganzheitlichen Strategie, der F\u00fchrung komplexer Verhandlungen, der Einbindung erforderlicher Spezialisten\u00a0 sowie in der Beratung in Finanzierungfragen.<\/p>\n<p><a class='button content-button-css-3  medium mb-0 mb-mobile-30' href='\/web\/profil\/unternehmenstransaktionen'>Mehr lesen \u2192<\/a><div class=\"clear\"><\/div>[\/tm_team_item][tm_team_item title=&#8220;Optimierung von Unternehmen&#8220; team_content_bkg_color=&#8220;rgba(255,255,255,0.01)&#8220; team_title_color=&#8220;#000000&#8243; team_occupation_color=&#8220;#666666&#8243; team_text_color=&#8220;#666666&#8243; sns_icon_color_hover=&#8220;#003366&#8243; tab_id=&#8220;tab_id-1504085741654-10&#8243; el_class=&#8220;ptab4&#8243;]Die optimale Aufstellung eines Familienunternehmens beinhaltet einen ma\u00dfgeschneiderten Unternehmensaufbau, etwa mit einer Familien-Holding an der Spitze, die \u201erichtige\u201c Rechtsform, eine passsende Governance-Struktur \u00a0sowie einen ausgefeilten Gesellschaftsvertrag. Wir entwickeln bei Umstrukturierungen ganzheitliche Konzepte, die neben betriebswirtschaftlichen, gesellschaftsrechtlichen und mitbestimmungsrechtlichen auch steuerliche Aspekte ber\u00fccksichtigen. Oft wird auch Wert auf eine zus\u00e4tzliche Familienverfassung gelegt, auch wenn diese nur programmatischen Charakter besitzt.<\/p>\n<p><a class='button content-button-css-4  medium mb-0 mb-mobile-30' href='\/web\/profil\/unternehmensoptimierung'>Mehr lesen \u2192<\/a><div class=\"clear\"><\/div>[\/tm_team_item][tm_team_item title=&#8220;Vermeidung und L\u00f6sung von Gesellschafterkonflikten&#8220; team_content_bkg_color=&#8220;&#8220; team_title_color=&#8220;#000000&#8243; team_occupation_color=&#8220;#666666&#8243; team_text_color=&#8220;#666666&#8243; sns_icon_color_hover=&#8220;#003366&#8243; tab_id=&#8220;tab_id-1483380220111-4a182-a18e9cdf-6e9894df-7ce39bb7-3008&#8243; el_class=&#8220;ptab5&#8243;]Oberste Priorit\u00e4t in einem Familienunternehmen genie\u00dfen \u00a0Friede und Harmonie zwischen den Gesellschaftern bzw. Eigent\u00fcmern. Wir wissen, wie Konflikte mit ausgewogenen Gesellschaftsvertr\u00e4gen, bew\u00e4hrten Nachfolgeregelungen, ausgekl\u00fcgelten Erbvertr\u00e4gen oder Unternehmertestamenten zu vermeiden sind. Wenn es trotz Mediation zu Konflikten kommen sollte, entwickeln wir kreative L\u00f6sungen, wie Streitfragen rasch gel\u00f6st oder \u2013 als ultima ratio \u2013 wie sich zerstrittene Gesellschafter zu fairen Bedingungen trennen k\u00f6nnen, ohne die Fortf\u00fchrung des Familienunternehmens zu gef\u00e4hrden.<\/p>\n<p><a class='button content-button-css-5  medium mb-0 mb-mobile-30' href='\/web\/profil\/gesellschafterkonflikte'>Mehr lesen \u2192<\/a><div class=\"clear\"><\/div>[\/tm_team_item][tm_team_item title=&#8220;Aufsichtsrats- und Beiratsmandate&#8220; team_content_bkg_color=&#8220;rgba(255,255,255,0.01)&#8220; team_title_color=&#8220;#000000&#8243; team_occupation_color=&#8220;#666666&#8243; team_text_color=&#8220;#666666&#8243; sns_icon_color_hover=&#8220;#003366&#8243; tab_id=&#8220;tab_id-1504085877420-10&#8243; el_class=&#8220;ptab6&#8243;]Seit Jahrzehnten sind wir im Auftrag von Gesellschaftern in einer Vielzahl von Aufsichtsgremien bedeutender Familienunternehmen ganz unterschiedlicher Strukturen vertreten. So halten wir Mandate in mitbestimmungsfreien als auch in parit\u00e4tisch oder drittelparit\u00e4tisch besetzten Aufsichtsorganen. In allen F\u00e4llen ist es unsere Aufgabe, die Interessen der Familie optimal zu wahren, aber gleichzeitig den aktienrechtlichen Handlungsrahmen zu respektieren.<\/p>\n<p><a class='button content-button-css-6  medium mb-0 mb-mobile-30' href='\/web\/profil\/aufsichtsrats-und-beiratsmandate'>Mehr lesen \u2192<\/a><div class=\"clear\"><\/div>[\/tm_team_item][\/tm_team_holder][\/vc_column][\/vc_row]<\/p>","protected":false},"excerpt":{"rendered":"<p>[vc_row columns_on_tablet=&#8220;keep&#8220; padding_top=&#8220;30&#8243; padding_bottom=&#8220;30&#8243; use_background=&#8220;yes&#8220; background_color=&#8220;#ffffff&#8220; use_overlay_background_color=&#8220;true&#8220;][vc_column h_text_align=&#8220;left&#8220; h_text_align_mobile=&#8220;left-on-mobile&#8220; v_align=&#8220;v-align-middle&#8220; use_background=&#8220;yes&#8220; background_color=&#8220;#ffffff&#8220; column_offset=&#8220;&#8220; column_push=&#8220;&#8220; column_pull=&#8220;&#8220; width=&#8220;1\/1&#8243;][tm_hero_2 image_id=&#8220;975&#8243; hero_column_width=&#8220;8&#8243; hero_column_offset=&#8220;2&#8243; textarea_html_bkg_color=&#8220;#ffffff&#8220; text_color=&#8220;#ffffff&#8220; content_animation=&#8220;slideInUpShort&#8220;] [\/tm_hero_2][\/vc_column][\/vc_row][vc_row force_fullwidth=&#8220;true&#8220; columns_on_tablet=&#8220;keep&#8220; padding_top=&#8220;0&#8243; padding_bottom=&#8220;0&#8243; use_background=&#8220;yes&#8220; background_color=&#8220;#ffffff&#8220; is_section_block=&#8220;yes&#8220;][vc_column h_text_align=&#8220;left&#8220; h_text_align_mobile=&#8220;left-on-mobile&#8220; v_align=&#8220;v-align-middle&#8220; use_background=&#8220;yes&#8220; background_color=&#8220;#ffffff&#8220; column_offset=&#8220;1&#8243; column_push=&#8220;&#8220; column_pull=&#8220;&#8220; width=&#8220;5\/6&#8243;][tm_textblock textarea_html_bkg_color=&#8220;#ffffff&#8220;] Auf diesen Gebieten beraten wir\u00a0Sie Familienunternehmen sind komplexe Gebilde mit vielf\u00e4ltigen Fallstricken, eingebettet in einen &#8230; <\/p>\n","protected":false},"author":2,"featured_media":0,"parent":0,"menu_order":0,"comment_status":"closed","ping_status":"closed","template":"","meta":[],"_links":{"self":[{"href":"https:\/\/binz-partner.de\/web\/wp-json\/wp\/v2\/pages\/136"}],"collection":[{"href":"https:\/\/binz-partner.de\/web\/wp-json\/wp\/v2\/pages"}],"about":[{"href":"https:\/\/binz-partner.de\/web\/wp-json\/wp\/v2\/types\/page"}],"author":[{"embeddable":true,"href":"https:\/\/binz-partner.de\/web\/wp-json\/wp\/v2\/users\/2"}],"replies":[{"embeddable":true,"href":"https:\/\/binz-partner.de\/web\/wp-json\/wp\/v2\/comments?post=136"}],"version-history":[{"count":20,"href":"https:\/\/binz-partner.de\/web\/wp-json\/wp\/v2\/pages\/136\/revisions"}],"predecessor-version":[{"id":2221,"href":"https:\/\/binz-partner.de\/web\/wp-json\/wp\/v2\/pages\/136\/revisions\/2221"}],"wp:attachment":[{"href":"https:\/\/binz-partner.de\/web\/wp-json\/wp\/v2\/media?parent=136"}],"curies":[{"name":"wp","href":"https:\/\/api.w.org\/{rel}","templated":true}]}}