{"id":1537,"date":"2020-06-29T15:12:20","date_gmt":"2020-06-29T13:12:20","guid":{"rendered":"https:\/\/binz-partner.de\/web\/?page_id=1537"},"modified":"2026-01-05T10:50:53","modified_gmt":"2026-01-05T09:50:53","slug":"vanessa-binz","status":"publish","type":"page","link":"https:\/\/binz-partner.de\/web\/team\/vanessa-binz\/","title":{"rendered":"Vanessa Binz"},"content":{"rendered":"<p>[vc_row columns_on_tablet=&#8220;keep&#8220; padding_top=&#8220;30&#8243; use_background=&#8220;yes&#8220; background_color=&#8220;#ffffff&#8220; use_overlay_background_color=&#8220;true&#8220;][vc_column h_text_align=&#8220;left&#8220; h_text_align_mobile=&#8220;left-on-mobile&#8220; v_align=&#8220;v-align-middle&#8220; use_background=&#8220;yes&#8220; background_color=&#8220;#ffffff&#8220; column_offset=&#8220;&#8220; column_push=&#8220;&#8220; column_pull=&#8220;&#8220; width=&#8220;1\/1&#8243;][tm_hero_2 image_id=&#8220;1544&#8243; hero_column_width=&#8220;8&#8243; hero_column_offset=&#8220;2&#8243; textarea_html_bkg_color=&#8220;#ffffff&#8220; text_color=&#8220;#ffffff&#8220; content_animation=&#8220;slideInUpShort&#8220;]<\/p>\n<h2><\/h2>\n<p>[\/tm_hero_2][\/vc_column][\/vc_row][vc_row columns_on_tablet=&#8220;force_1&#8243; padding_top=&#8220;30&#8243; use_background=&#8220;yes&#8220; background_color=&#8220;#ffffff&#8220; overlay_background_color=&#8220;&#8220; is_section_block=&#8220;yes&#8220;][vc_column h_text_align=&#8220;left&#8220; h_text_align_mobile=&#8220;left-on-mobile&#8220; v_align=&#8220;v-align-middle&#8220; use_background=&#8220;&#8220; column_offset=&#8220;&#8220; column_push=&#8220;&#8220; column_pull=&#8220;&#8220; width=&#8220;2\/3&#8243;][vc_row_inner columns_on_tablet=&#8220;keep&#8220; padding_top=&#8220;0&#8243; padding_bottom=&#8220;0&#8243;][vc_column_inner h_text_align=&#8220;left&#8220; h_text_align_mobile=&#8220;left&#8220; v_align=&#8220;v-align-middle&#8220; use_background=&#8220;&#8220; width=&#8220;1\/1&#8243;][tm_textblock textarea_html_bkg_color=&#8220;#ffffff&#8220;]<\/p>\n<h2>Vanessa Binz<\/h2>\n<blockquote><p>Partner seit 2020<\/p><\/blockquote>\n<h4>Lebenslauf<\/h4>\n<ul class=\"ulll\">\n<li>1989 geboren in Stuttgart<\/li>\n<li>2008 Studium der Rechtswissenschaften an der Ludwig-Maximilians-Universit\u00e4t in M\u00fcnchen<\/li>\n<li>Berufs-Praktika bei verschiedenen Familienunternehmen wie Beck-Verlag (M\u00fcnchen), Tegut (Fulda), Breuninger (Stuttgart) und Faber-Castell (Sydney)<\/li>\n<li>Erstes juristisches Staatsexamen in M\u00fcnchen<\/li>\n<li>Referendariat beim Landgericht M\u00fcnchen I mit Stationen bei Ashurst LLP und Walt Disney<\/li>\n<li>2018 Zweites juristisches Staatsexamen beim Justizpr\u00fcfungsamt M\u00fcnchen<\/li>\n<li>2019 Zulassung als Syndikus-Rechtsanw\u00e4ltin<\/li>\n<li>2020 Zulassung als Rechtsanw\u00e4ltin in M\u00fcnchen und Stuttgart<\/li>\n<li>Legal Counsel eines der gr\u00f6\u00dften weltweit t\u00e4tigen Unternehmen der Solarbranche<\/li>\n<\/ul>\n<p>[\/tm_textblock][tm_raw_html]JTNDZGl2JTIwc3R5bGUlM0QlMjJoZWlnaHQlM0ElMjAyMHB4JTNCJTIyJTNFJTNDJTJGZGl2JTNF[\/tm_raw_html][tm_image image_id=&#8220;2110&#8243; link_image=&#8220;none&#8220; textarea_html_bkg_color=&#8220;#ffffff&#8220; caption_type=&#8220;&#8220;][\/tm_image][tm_textblock textarea_html_bkg_color=&#8220;#ffffff&#8220;]<\/p>\n<div style=\"margin-top: -20px;\">Prof. Dr. Mark K. Binz und Tochter Vanessa Binz<\/div>\n<p>[\/tm_textblock][tm_raw_html]JTNDZGl2JTIwc3R5bGUlM0QlMjJoZWlnaHQlM0ElMjA0NXB4JTNCJTIyJTNFJTNDJTJGZGl2JTNF[\/tm_raw_html][\/vc_column_inner][\/vc_row_inner][tm_textblock textarea_html_bkg_color=&#8220;#ffffff&#8220;]<a class='button content-button-css-1  medium mb-30 mb-mobile-30' href='\/web\/team'>Zur\u00fcck \u2192<\/a><div class=\"clear\"><\/div>[\/tm_textblock][\/vc_column][vc_column h_text_align=&#8220;left&#8220; h_text_align_mobile=&#8220;left-on-mobile&#8220; v_align=&#8220;v-align-middle&#8220; use_background=&#8220;&#8220; column_offset=&#8220;&#8220; column_push=&#8220;&#8220; column_pull=&#8220;&#8220; width=&#8220;1\/3&#8243;][\/vc_column][\/vc_row]<\/p>","protected":false},"excerpt":{"rendered":"<p>[vc_row columns_on_tablet=&#8220;keep&#8220; padding_top=&#8220;30&#8243; use_background=&#8220;yes&#8220; background_color=&#8220;#ffffff&#8220; use_overlay_background_color=&#8220;true&#8220;][vc_column h_text_align=&#8220;left&#8220; h_text_align_mobile=&#8220;left-on-mobile&#8220; v_align=&#8220;v-align-middle&#8220; use_background=&#8220;yes&#8220; background_color=&#8220;#ffffff&#8220; column_offset=&#8220;&#8220; column_push=&#8220;&#8220; column_pull=&#8220;&#8220; width=&#8220;1\/1&#8243;][tm_hero_2 image_id=&#8220;1544&#8243; hero_column_width=&#8220;8&#8243; hero_column_offset=&#8220;2&#8243; textarea_html_bkg_color=&#8220;#ffffff&#8220; text_color=&#8220;#ffffff&#8220; content_animation=&#8220;slideInUpShort&#8220;] [\/tm_hero_2][\/vc_column][\/vc_row][vc_row columns_on_tablet=&#8220;force_1&#8243; padding_top=&#8220;30&#8243; use_background=&#8220;yes&#8220; background_color=&#8220;#ffffff&#8220; overlay_background_color=&#8220;&#8220; is_section_block=&#8220;yes&#8220;][vc_column h_text_align=&#8220;left&#8220; h_text_align_mobile=&#8220;left-on-mobile&#8220; v_align=&#8220;v-align-middle&#8220; use_background=&#8220;&#8220; column_offset=&#8220;&#8220; column_push=&#8220;&#8220; column_pull=&#8220;&#8220; width=&#8220;2\/3&#8243;][vc_row_inner columns_on_tablet=&#8220;keep&#8220; padding_top=&#8220;0&#8243; padding_bottom=&#8220;0&#8243;][vc_column_inner h_text_align=&#8220;left&#8220; h_text_align_mobile=&#8220;left&#8220; v_align=&#8220;v-align-middle&#8220; use_background=&#8220;&#8220; width=&#8220;1\/1&#8243;][tm_textblock textarea_html_bkg_color=&#8220;#ffffff&#8220;] Vanessa Binz Partner seit 2020 Lebenslauf 1989 geboren in Stuttgart &#8230; <\/p>\n","protected":false},"author":2,"featured_media":0,"parent":134,"menu_order":0,"comment_status":"closed","ping_status":"closed","template":"","meta":[],"_links":{"self":[{"href":"https:\/\/binz-partner.de\/web\/wp-json\/wp\/v2\/pages\/1537"}],"collection":[{"href":"https:\/\/binz-partner.de\/web\/wp-json\/wp\/v2\/pages"}],"about":[{"href":"https:\/\/binz-partner.de\/web\/wp-json\/wp\/v2\/types\/page"}],"author":[{"embeddable":true,"href":"https:\/\/binz-partner.de\/web\/wp-json\/wp\/v2\/users\/2"}],"replies":[{"embeddable":true,"href":"https:\/\/binz-partner.de\/web\/wp-json\/wp\/v2\/comments?post=1537"}],"version-history":[{"count":13,"href":"https:\/\/binz-partner.de\/web\/wp-json\/wp\/v2\/pages\/1537\/revisions"}],"predecessor-version":[{"id":2252,"href":"https:\/\/binz-partner.de\/web\/wp-json\/wp\/v2\/pages\/1537\/revisions\/2252"}],"up":[{"embeddable":true,"href":"https:\/\/binz-partner.de\/web\/wp-json\/wp\/v2\/pages\/134"}],"wp:attachment":[{"href":"https:\/\/binz-partner.de\/web\/wp-json\/wp\/v2\/media?parent=1537"}],"curies":[{"name":"wp","href":"https:\/\/api.w.org\/{rel}","templated":true}]}}