{"id":1550,"date":"2020-07-02T11:13:02","date_gmt":"2020-07-02T09:13:02","guid":{"rendered":"https:\/\/binz-partner.de\/web\/?page_id=1550"},"modified":"2026-01-05T10:46:00","modified_gmt":"2026-01-05T09:46:00","slug":"uebersicht","status":"publish","type":"page","link":"https:\/\/binz-partner.de\/web\/team\/uebersicht\/","title":{"rendered":"Binz &#038; Partner Team"},"content":{"rendered":"<p>[vc_row columns_on_tablet=&#8220;keep&#8220; padding_top=&#8220;30&#8243; padding_bottom=&#8220;30&#8243; use_background=&#8220;yes&#8220; background_color=&#8220;#ffffff&#8220; use_overlay_background_color=&#8220;true&#8220;][vc_column h_text_align=&#8220;left&#8220; h_text_align_mobile=&#8220;left-on-mobile&#8220; v_align=&#8220;v-align-middle&#8220; use_background=&#8220;yes&#8220; background_color=&#8220;#ffffff&#8220; column_offset=&#8220;&#8220; column_push=&#8220;&#8220; column_pull=&#8220;&#8220; width=&#8220;1\/1&#8243;][tm_hero_2 image_id=&#8220;1781&#8243; hero_column_width=&#8220;8&#8243; hero_column_offset=&#8220;2&#8243; textarea_html_bkg_color=&#8220;#ffffff&#8220; text_color=&#8220;#ffffff&#8220; content_animation=&#8220;slideInUpShort&#8220;]<\/p>\n<h2><\/h2>\n<p>[\/tm_hero_2][\/vc_column][\/vc_row][vc_row force_fullwidth=&#8220;true&#8220; columns_on_tablet=&#8220;keep&#8220; padding_top=&#8220;0&#8243; padding_bottom=&#8220;30&#8243; use_background=&#8220;yes&#8220; background_color=&#8220;#ffffff&#8220; is_section_block=&#8220;yes&#8220;][vc_column h_text_align=&#8220;left&#8220; h_text_align_mobile=&#8220;left-on-mobile&#8220; v_align=&#8220;v-align-middle&#8220; use_background=&#8220;yes&#8220; background_color=&#8220;#ffffff&#8220; column_offset=&#8220;1&#8243; column_push=&#8220;&#8220; column_pull=&#8220;&#8220; width=&#8220;5\/6&#8243;][tm_textblock textarea_html_bkg_color=&#8220;#ffffff&#8220;]<\/p>\n<h1>Exzellenz durch vertrauensvolles Zusammenspiel<\/h1>\n<p class=\"lead\">Exzellenz in der Beratung von Familienunternehmen entsteht durch das vertrauensvolle Zusammenspiel erstklassiger und erfahrener Experten mit komplement\u00e4ren Kompetenzen. Das Team von Binz &amp; Partner setzt sich zusammen aus Rechtsanw\u00e4lten, Steuerberatern und einem Wirtschaftspr\u00fcfer, die gemeinsam, unternehmerisch und erfolgsorientiert an der idealen L\u00f6sung Ihrer Fragestellung arbeiten.<\/p>\n<p>[\/tm_textblock][\/vc_column][vc_column h_text_align=&#8220;left&#8220; h_text_align_mobile=&#8220;left&#8220; v_align=&#8220;v-align-middle&#8220; use_background=&#8220;&#8220; width=&#8220;1\/6&#8243;][\/vc_column][\/vc_row][vc_row equalize=&#8220;true&#8220; columns_on_tablet=&#8220;keep&#8220; padding_top=&#8220;30&#8243; padding_bottom=&#8220;30&#8243; use_background=&#8220;yes&#8220; background_color=&#8220;#ffffff&#8220; is_section_block=&#8220;yes&#8220;][vc_column h_text_align=&#8220;left&#8220; h_text_align_mobile=&#8220;left-on-mobile&#8220; v_align=&#8220;v-align-middle&#8220; use_background=&#8220;yes&#8220; background_color=&#8220;#ffffff&#8220; column_offset=&#8220;&#8220; column_push=&#8220;&#8220; column_pull=&#8220;&#8220; width=&#8220;1\/1&#8243;][tm_team_holder team_type=&#8220;team-1&#8243; items_per_row=&#8220;3&#8243; tabs_id=&#8220;1483379889-53&#8243; ignore_row=&#8220;true&#8220;][tm_team_item title=&#8220;Prof. Dr. Mark K. Binz&#8220; team_member_occupation=&#8220;Gr\u00fcndungspartner&#8220; link=&#8220;..\/professor-mark-binz&#8220; image_id=&#8220;1309&#8243; team_content_bkg_color=&#8220;#ffffff&#8220; team_title_color=&#8220;#000000&#8243; team_occupation_color=&#8220;#666666&#8243; team_text_color=&#8220;#666666&#8243; sns_icon_color_hover=&#8220;#003366&#8243; tab_id=&#8220;1483379729-1-91a182-a18e9cdf-6e9894df-7ce39bb7-3008&#8243;]Mark K. Binz geh\u00f6rt zu den profiliertesten Beratern von Familienunternehmen in Deutschland. Als langj\u00e4hriger Aufsichtsratsvorsitzender der b\u00f6rsennotierten Fielmann AG und Aufsichtsratsmitglied zahlreicher anderer namhafter Familienunternehmen wie Faber Castell und SICK kennt er die typischen Problemstellungen inhabergef\u00fchrter Unternehmen aus n\u00e4chster N\u00e4he. Die FAZ hat ihn als <em>Familienfl\u00fcsterer<\/em> bezeichnet, das Handelsblatt als <em>\u201e<u>den<\/u> Familienanwalt Deutschlands\u201c<\/em>. Das Branchenblatt JUVE hat Prof. Binz seit Jahren in ihrer Tabelle <em>\u201eF\u00fchrende Berater von Unternehmern und verm\u00f6genden Privatpersonen\u201c<\/em> gelistet. Mark Binz ist Mitautor des Standardwerkes \u201eDie GmbH &amp; Co. KG\u201c, das 2018 in 12. Auflage erschienen ist.<\/p>\n<p><a class='button content-button-css-1  medium mb-30 mb-mobile-30' href='\/web\/team\/professor-mark-binz'>Lebenslauf \u2192<\/a><div class=\"clear\"><\/div>[\/tm_team_item][tm_team_item title=&#8220;Prof. Dr. G\u00f6tz Freudenberg&#8220; team_member_occupation=&#8220;Partner&#8220; link=&#8220;..\/professor-goetz-freudenberg&#8220; image_id=&#8220;1267&#8243; team_content_bkg_color=&#8220;&#8220; team_title_color=&#8220;#000000&#8243; team_occupation_color=&#8220;#666666&#8243; team_text_color=&#8220;#666666&#8243; sns_icon_color_hover=&#8220;#003366&#8243; tab_id=&#8220;tab_id-1483380045640-8a182-a18e9cdf-6e9894df-7ce39bb7-3008&#8243;]G\u00f6tz Freudenberg ist Partner der ersten Stunde. Der promovierte Jurist hat im Laufe seiner inzwischen mehr als 30-j\u00e4hrigen Berufspraxis an zahlreichen gro\u00dfen B\u00f6rseng\u00e4ngen und Unternehmensk\u00e4ufen mitgewirkt. Er ist und war Beirats- und Aufsichtsratsvorsitzender einiger bedeutender Familienunternehmen. 2012 wurde er von der Universit\u00e4t Stuttgart zum Honorarprofessor ernannt, nachdem er viele Jahre lang als Lehrbeauftragter gewirkt hatte. Prof. Freudenberg ist Mitherausgeber der mehr als 900 Seiten umfassenden Festschrift mit mehr als 100 Autoren, die 2014 zu Ehren seines Partners Prof. Binz im renommierten Verlag C.H. Beck erschienen und inzwischen vergriffen ist.<\/p>\n<p><a class='button content-button-css-2  medium mb-30 mb-mobile-30' href='\/web\/team\/professor-goetz-freudenberg'>Lebenslauf \u2192<\/a><div class=\"clear\"><\/div>[\/tm_team_item][tm_team_item title=&#8220;Dr. Martin H. Sorg&#8220; team_member_occupation=&#8220;Partner&#8220; link=&#8220;..\/dr-martin-sorg&#8220; image_id=&#8220;1216&#8243; team_content_bkg_color=&#8220;&#8220; team_title_color=&#8220;#000000&#8243; team_occupation_color=&#8220;#666666&#8243; team_text_color=&#8220;#666666&#8243; sns_icon_color_hover=&#8220;#003366&#8243; tab_id=&#8220;tab_id-1483380220111-4a182-a18e9cdf-6e9894df-7ce39bb7-3008&#8243;]Martin H. Sorg ist wie sein Partner G\u00f6tz Freudenberg seit Anbeginn als Partner an Bord. Sein pers\u00f6nlicher Schwerpunkt als Wirtschaftspr\u00fcfer liegt in der Suche nach kreativen unternehmerischen L\u00f6sungen und deren Umsetzung in Teamarbeit. Dr. Sorg ist Mitglied in Beir\u00e4ten und Aufsichtsr\u00e4ten bedeutender Familienunternehmen. Er ist ferner Mitautor des Handbuches der GmbH &amp; Co. KG, das 2018 in 12. Auflage im Verlag C.H. Beck erschienen ist.<\/p>\n<a class='button content-button-css-3  medium mb-30 mb-mobile-30' href='\/web\/team\/dr-martin-sorg'>Lebenslauf \u2192<\/a><div class=\"clear\"><\/div>\n<div class=\"spsorg\"><\/div>\n<p>[\/tm_team_item][tm_team_item title=&#8220;Dr. Gerd Mayer&#8220; team_member_occupation=&#8220;Partner&#8220; link=&#8220;..\/dr-gerd-mayer&#8220; image_id=&#8220;1217&#8243; team_content_bkg_color=&#8220;rgba(255,255,255,0.01)&#8220; team_title_color=&#8220;#000000&#8243; team_occupation_color=&#8220;#666666&#8243; team_text_color=&#8220;#666666&#8243; sns_icon_color_hover=&#8220;#003366&#8243; tab_id=&#8220;tab_id-1504085741654-10&#8243;]Gerd Mayer wechselte 1999 zu Binz &amp; Partner. Bereits zuvor hatte er als Partner einer namhaften internationalen Wirtschaftspr\u00fcfungsgesellschaft berufliche Kontakte zu der Anwaltssoziet\u00e4t. Als Rechtsanwalt und Steuerberater begleitet er Unternehmenstransaktionen, Umstrukturierungen und Unternehmensnachfolgen sowohl rechtlich als auch steuerlich. Dr. Mayer verf\u00fcgt zudem \u00fcber langj\u00e4hrige Erfahrungen als Aufsichtsrat.<\/p>\n<p><a class='button content-button-css-4  medium mb-30 mb-mobile-30' href='\/web\/team\/dr-gerd-mayer'>Lebenslauf \u2192<\/a><div class=\"clear\"><\/div>[\/tm_team_item][tm_team_item title=&#8220;Vanessa Binz&#8220; team_member_occupation=&#8220;Partner&#8220; link=&#8220;..\/vanessa-binz&#8220; image_id=&#8220;1548&#8243; tab_id=&#8220;tab_id-1593435465743-9&#8243;]Vanessa Vivienne Binz kam 2020 zu Binz &amp; Partner, nachdem sie ihre juristische Karriere als Syndikus-Rechtsanw\u00e4ltin in der deutschen Niederlassung eines weltweit f\u00fchrenden kanadischen Solar-Unternehmens in M\u00fcnchen begonnen hatte. Ihre Schwerpunkte liegen derzeit auf internationalem Vertragsrecht und Verhandlungsf\u00fchrung in englischer Sprache. Als Rechtsanw\u00e4ltin wird sie die Kanzlei ihres Vaters bei der Beratung von Familienunternehmen in Nachfolgefragen sowie als Mediatorin bei der L\u00f6sung von Gesellschafterkonflikten verst\u00e4rken.<\/p>\n<p><a class='button content-button-css-5  medium mb-30 mb-mobile-30' href='\/web\/team\/vanessa-binz'>Lebenslauf \u2192<\/a><div class=\"clear\"><\/div>[\/tm_team_item][tm_team_item title=&#8220;Frank C. Wei\u00df&#8220; team_member_occupation=&#8220;Partner&#8220; link=&#8220;..\/frank-weiss&#8220; image_id=&#8220;2023&#8243; tab_id=&#8220;tab_id-1676454561468-7&#8243;]Frank C. Wei\u00df kam 2023 zu Binz &amp; Partner. Zuvor war er mehrere Jahre in f\u00fchrenden internationalen Gro\u00dfkanzleien in Frankfurt und M\u00fcnchen sowie im F\u00fcrstentum Liechtenstein t\u00e4tig. Schwerpunkte seiner Beratungst\u00e4tigkeit liegen auf Unternehmenstransaktionen (M&amp;A) und Gesellschafterkonflikten sowie auf der Nachfolgeplanung und dem Erbrecht, jeweils auch im internationalen Kontext. Nicht zuletzt aufgrund seiner pers\u00f6nlichen Bez\u00fcge versteht er die spezifischen Belange von Familienunternehmen eingehend. Neben Englisch spricht er zudem flie\u00dfend Franz\u00f6sisch.<\/p>\n<p><a class='button content-button-css-6  medium mb-30 mb-mobile-30' href='\/web\/team\/frank-weiss'>Lebenslauf \u2192<\/a><div class=\"clear\"><\/div>[\/tm_team_item][tm_team_item title=&#8220;Susanne Kleyer&#8220; team_member_occupation=&#8220;Assistentin&#8220; image_id=&#8220;2116&#8243; tab_id=&#8220;tab_id-1622212167219-7&#8243; el_class=&#8220;tci&#8220;][\/tm_team_item][tm_team_item title=&#8220;Susanne Holzwarth&#8220; team_member_occupation=&#8220;Assistentin&#8220; image_id=&#8220;2119&#8243; tab_id=&#8220;tab_id-1722261528026-2&#8243; el_class=&#8220;tci&#8220;][\/tm_team_item][\/tm_team_holder][\/vc_column][\/vc_row][vc_row force_fullwidth=&#8220;true&#8220; equalize=&#8220;true&#8220; columns_on_tablet=&#8220;keep&#8220; clear_all_padding=&#8220;yes&#8220; use_background=&#8220;yes&#8220; background_color=&#8220;#ffffff&#8220; el_class=&#8220;no-team-content-info&#8220;][vc_column h_text_align=&#8220;left&#8220; h_text_align_mobile=&#8220;left-on-mobile&#8220; v_align=&#8220;v-align-middle&#8220; use_background=&#8220;&#8220; column_offset=&#8220;&#8220; column_push=&#8220;&#8220; column_pull=&#8220;&#8220; width=&#8220;1\/1&#8243; el_class=&#8220;teamimg&#8220;][tm_image image_id=&#8220;2113&#8243; link_image=&#8220;none&#8220; textarea_html_bkg_color=&#8220;#ffffff&#8220; caption_type=&#8220;&#8220;][\/tm_image][\/vc_column][\/vc_row]<\/p>","protected":false},"excerpt":{"rendered":"<p>[vc_row columns_on_tablet=&#8220;keep&#8220; padding_top=&#8220;30&#8243; padding_bottom=&#8220;30&#8243; use_background=&#8220;yes&#8220; background_color=&#8220;#ffffff&#8220; use_overlay_background_color=&#8220;true&#8220;][vc_column h_text_align=&#8220;left&#8220; h_text_align_mobile=&#8220;left-on-mobile&#8220; v_align=&#8220;v-align-middle&#8220; use_background=&#8220;yes&#8220; background_color=&#8220;#ffffff&#8220; column_offset=&#8220;&#8220; column_push=&#8220;&#8220; column_pull=&#8220;&#8220; width=&#8220;1\/1&#8243;][tm_hero_2 image_id=&#8220;1781&#8243; hero_column_width=&#8220;8&#8243; hero_column_offset=&#8220;2&#8243; textarea_html_bkg_color=&#8220;#ffffff&#8220; text_color=&#8220;#ffffff&#8220; content_animation=&#8220;slideInUpShort&#8220;] [\/tm_hero_2][\/vc_column][\/vc_row][vc_row force_fullwidth=&#8220;true&#8220; columns_on_tablet=&#8220;keep&#8220; padding_top=&#8220;0&#8243; padding_bottom=&#8220;30&#8243; use_background=&#8220;yes&#8220; background_color=&#8220;#ffffff&#8220; is_section_block=&#8220;yes&#8220;][vc_column h_text_align=&#8220;left&#8220; h_text_align_mobile=&#8220;left-on-mobile&#8220; v_align=&#8220;v-align-middle&#8220; use_background=&#8220;yes&#8220; background_color=&#8220;#ffffff&#8220; column_offset=&#8220;1&#8243; column_push=&#8220;&#8220; column_pull=&#8220;&#8220; width=&#8220;5\/6&#8243;][tm_textblock textarea_html_bkg_color=&#8220;#ffffff&#8220;] Exzellenz durch vertrauensvolles Zusammenspiel Exzellenz in der Beratung von Familienunternehmen entsteht durch das vertrauensvolle Zusammenspiel &#8230; <\/p>\n","protected":false},"author":2,"featured_media":0,"parent":134,"menu_order":0,"comment_status":"closed","ping_status":"closed","template":"","meta":[],"_links":{"self":[{"href":"https:\/\/binz-partner.de\/web\/wp-json\/wp\/v2\/pages\/1550"}],"collection":[{"href":"https:\/\/binz-partner.de\/web\/wp-json\/wp\/v2\/pages"}],"about":[{"href":"https:\/\/binz-partner.de\/web\/wp-json\/wp\/v2\/types\/page"}],"author":[{"embeddable":true,"href":"https:\/\/binz-partner.de\/web\/wp-json\/wp\/v2\/users\/2"}],"replies":[{"embeddable":true,"href":"https:\/\/binz-partner.de\/web\/wp-json\/wp\/v2\/comments?post=1550"}],"version-history":[{"count":21,"href":"https:\/\/binz-partner.de\/web\/wp-json\/wp\/v2\/pages\/1550\/revisions"}],"predecessor-version":[{"id":2250,"href":"https:\/\/binz-partner.de\/web\/wp-json\/wp\/v2\/pages\/1550\/revisions\/2250"}],"up":[{"embeddable":true,"href":"https:\/\/binz-partner.de\/web\/wp-json\/wp\/v2\/pages\/134"}],"wp:attachment":[{"href":"https:\/\/binz-partner.de\/web\/wp-json\/wp\/v2\/media?parent=1550"}],"curies":[{"name":"wp","href":"https:\/\/api.w.org\/{rel}","templated":true}]}}