{"id":17,"date":"2017-08-03T14:03:44","date_gmt":"2017-08-03T12:03:44","guid":{"rendered":"http:\/\/binz-partner.mediaclip.de\/web\/?page_id=17"},"modified":"2025-11-07T08:07:41","modified_gmt":"2025-11-07T07:07:41","slug":"homepage","status":"publish","type":"page","link":"https:\/\/binz-partner.de\/web\/","title":{"rendered":"Homepage"},"content":{"rendered":"<p>[vc_row columns_on_tablet=&#8220;keep&#8220; padding_top=&#8220;30&#8243; padding_bottom=&#8220;30&#8243; use_background=&#8220;yes&#8220; background_color=&#8220;#ffffff&#8220; use_overlay_background_color=&#8220;true&#8220;][vc_column h_text_align=&#8220;left&#8220; h_text_align_mobile=&#8220;left-on-mobile&#8220; v_align=&#8220;v-align-middle&#8220; use_background=&#8220;yes&#8220; background_color=&#8220;#ffffff&#8220; column_offset=&#8220;&#8220; column_push=&#8220;&#8220; column_pull=&#8220;&#8220; width=&#8220;1\/1&#8243;][tm_hero_2 image_id=&#8220;1280&#8243; hero_column_width=&#8220;8&#8243; hero_column_offset=&#8220;2&#8243; textarea_html_bkg_color=&#8220;#ffffff&#8220; text_color=&#8220;#ffffff&#8220; content_animation=&#8220;slideInUpShort&#8220;][\/tm_hero_2][\/vc_column][\/vc_row][vc_row force_fullwidth=&#8220;true&#8220; columns_on_tablet=&#8220;keep&#8220; padding_top=&#8220;0&#8243; padding_bottom=&#8220;30&#8243; use_background=&#8220;yes&#8220; background_color=&#8220;#ffffff&#8220; is_section_block=&#8220;yes&#8220;][vc_column h_text_align=&#8220;left&#8220; h_text_align_mobile=&#8220;left-on-mobile&#8220; v_align=&#8220;v-align-middle&#8220; use_background=&#8220;yes&#8220; background_color=&#8220;#ffffff&#8220; column_offset=&#8220;1&#8243; column_push=&#8220;&#8220; column_pull=&#8220;&#8220; width=&#8220;5\/6&#8243;][tm_textblock textarea_html_bkg_color=&#8220;#ffffff&#8220;]<\/p>\n<h1>Erfolgreiche L\u00f6sungen f\u00fcr Familienunternehmen<\/h1>\n<p class=\"lead\">Die im Jahr 1987 von <a class=\"fw600 underline\" href=\"team\/professor-mark-binz\/\">Professor Dr. Mark K. Binz<\/a> als Seniorpartner mit seinen langj\u00e4hrigen Kollegen <a class=\"fw600 underline\" href=\"team\/professor-goetz-freudenberg\/\">Professor Dr. G\u00f6tz Freudenberg<\/a> und <a class=\"fw600 underline\" href=\"team\/dr-martin-sorg\/\">Dr. Martin H. Sorg<\/a> gegr\u00fcndete Stuttgarter Anwaltskanzlei Binz &amp; Partner hat sich in den vergangenen Jahrzehnten zu einer der namhaften Kanzleien in Deutschland f\u00fcr die Beratung von Familienunternehmen und Eigent\u00fcmerfamilien entwickelt. Auf Basis unserer steuer- und gesellschaftsrechtlichen Kompetenz gestalten wir f\u00fcr unsere Mandanten <a class=\"fw600 underline\" href=\"profil\/\">ganzheitliche L\u00f6sungen<\/a>, insbesondere bei den klassischen Themen wie Nachfolgeregelungen, Erbschaftsteuer-Minimierung, Stiftungsmodelle, Unternehmenskauf (M&amp;A), Optimierung von Unternehmensstrukturen oder der L\u00f6sung von Gesellschafterkonflikten \u2013 mit pers\u00f6nlichem Einsatz, engagiert, kreativ, mit Empathie f\u00fcr die oft \u00e4u\u00dferst sensiblen Rahmenbedingungen und mit Augenma\u00df f\u00fcr das Machbare.<\/p>\n<p class=\"lead\">Im Rahmen unserer Beratungsmandate f\u00fcr namhafte Familienunternehmen gelingt es uns regelm\u00e4\u00dfig, selbst bei komplexen oder festgefahrenen Ausgangssituationen unternehmerische L\u00f6sungen zu erzielen, die oft jahrzehntelang Bestand haben. Vielfach werden wir gebeten, diese L\u00f6sungen aus dem Aufsichtsrat heraus langfristig zu begleiten. Daraus erkl\u00e4rt sich die Vielzahl von Aufsichtsratsmandaten, die unsere Partner in bedeutenden deutschen Familienunternehmen, oft mit strategischem Hintergrund, wahrnehmen. Dar\u00fcber hinaus sind alle Partner auch wissenschaftlich als Autoren oder Lehrbeauftragte auf dem Gebiete des Steuer- und Gesellschaftsrechtes aktiv. So gibt unsere Kanzlei seit Jahrzehnten ein <a class=\"fw600 underline\" href=\"http:\/\/bit.ly\/2iTFNzu\" target=\"blank\" rel=\"noopener\">Handbuch der GmbH &amp; Co. KG<\/a> heraus, das 2018 in 12. Auflage im Verlag C.H. Beck erschienen ist und in der Praxis seit langem als Standardwerk gilt.<\/p>\n<p>[\/tm_textblock][\/vc_column][vc_column h_text_align=&#8220;left&#8220; h_text_align_mobile=&#8220;left&#8220; v_align=&#8220;v-align-middle&#8220; use_background=&#8220;&#8220; width=&#8220;1\/6&#8243;][\/vc_column][\/vc_row][vc_row columns_on_tablet=&#8220;keep&#8220; padding_top=&#8220;50&#8243; padding_bottom=&#8220;50&#8243; is_section_block=&#8220;yes&#8220;][vc_column h_text_align=&#8220;left&#8220; h_text_align_mobile=&#8220;left&#8220; v_align=&#8220;v-align-middle&#8220; use_background=&#8220;&#8220; width=&#8220;1\/1&#8243;][tm_testimonials_holder tab_id=&#8220;tabs-1484229166-17191-a8ca0e77-1129&#8243; use_auto_advance=&#8220;true&#8220; auto_advance_interval=&#8220;12000&#8243; use_pause_on_hover=&#8220;true&#8220; pagination_color=&#8220;#333333&#8243; transition_easing=&#8220;easeInOutCubic&#8220; transition_speed=&#8220;1000&#8243; ignore_row=&#8220;true&#8220; el_class=&#8220;msh&#8220;][tm_testimonials_item title=&#8220;2025\/2026 Juve&#8220; textarea_html_bkg_color=&#8220;#ffffff&#8220; background_color=&#8220;#ffffff&#8220; size=&#8220;small&#8220; tab_id=&#8220;tab_id-1762499037080-9&#8243;]<em>&#8222;Als Beraterin bedeutender Familienunternehmen in Nachfolge- und Governance-Fragen ist die Kanzlei Binz &amp; Partner ebenso bekannt wie f\u00fcr die Beilegung von Gesellschafter- und Erbstreitigkeiten.&#8220;<\/em><\/p>\n<p><em>\u00a0<\/em><br \/>\n<em>\u00a0<\/em><\/p>\n<h6>JUVE Handbuch Wirtschaftskanzleien 2025\/2026 \u00fcber die Kanzlei Binz &amp; Partner<\/h6>\n<p>[\/tm_testimonials_item][tm_testimonials_item title=&#8220;2024\/2025 Juve&#8220; textarea_html_bkg_color=&#8220;#ffffff&#8220; background_color=&#8220;#ffffff&#8220; size=&#8220;small&#8220; tab_id=&#8220;tab_id-1730393467523-0&#8243;]<em>&#8222;Die bundesweit bekannte Stuttgarter Corporate-Boutique ber\u00e4t seit Jahrzehnten erfolgreich viele bedeutende Familienunternehmen laufend bei ihren Nachfolgegestaltungen.&#8220;<\/em><\/p>\n<p><em>\u00a0<\/em><br \/>\n<em>\u00a0<\/em><\/p>\n<h6>JUVE Handbuch Wirtschaftskanzleien 2024\/2025 \u00fcber die Kanzlei Binz &amp; Partner<\/h6>\n<p>[\/tm_testimonials_item][tm_testimonials_item title=&#8220;2023\/2024 Juve&#8220; textarea_html_bkg_color=&#8220;#ffffff&#8220; background_color=&#8220;#ffffff&#8220; size=&#8220;small&#8220; tab_id=&#8220;tab_id-1698943273157-3&#8243;]<em>&#8222;Die renommierte Stuttgarter Boutique ist bekannt f\u00fcr die Beratung von bedeutenden deutschen Familienunternehmen, die sie bei Gesellschafterstreitigkeiten und Unternehmensnachfolgen unterst\u00fctzt.&#8220;<\/em><\/p>\n<p><em>\u00a0<\/em><br \/>\n<em>\u00a0<\/em><\/p>\n<h6>JUVE Handbuch Wirtschaftskanzleien 2023\/2024 \u00fcber die Kanzlei Binz &amp; Partner<\/h6>\n<p>[\/tm_testimonials_item][tm_testimonials_item title=&#8220;2022\/2023 Juve&#8220; textarea_html_bkg_color=&#8220;#ffffff&#8220; background_color=&#8220;#ffffff&#8220; size=&#8220;small&#8220; tab_id=&#8220;tab_id-1671205378058-10&#8243;]<em>&#8222;Die Stuttgarter Boutique genie\u00dft bundesweites Renommee f\u00fcr die Beratung von Familienunternehmen, vor allem wenn es darum geht, Differenzen in der Unternehmensnachfolge auszur\u00e4umen.&#8220;<\/em><\/p>\n<p><em>\u00a0<\/em><br \/>\n<em>\u00a0<\/em><\/p>\n<h6>JUVE Handbuch Wirtschaftskanzleien 2022\/2023 \u00fcber die Kanzlei Binz &amp; Partner<\/h6>\n<p>[\/tm_testimonials_item][tm_testimonials_item title=&#8220;2022 Haub&#8220; textarea_html_bkg_color=&#8220;#ffffff&#8220; background_color=&#8220;#ffffff&#8220; size=&#8220;small&#8220; tab_id=&#8220;tab_id-1649138114519-5&#8243;]<em>&#8222;Ich bin inzwischen kampferprobt und habe mit dem Stuttgarter Rechtsanwalt Professor Binz den wahrscheinlich besten Anwalt f\u00fcr Konflikte in Familienunternehmen an meiner Seite.&#8220;<\/em><\/p>\n<p><em>\u00a0<\/em><br \/>\n<em>\u00a0<\/em><\/p>\n<h6>Christian Haub, Mehrheitseigent\u00fcmer Tengelmann, Manager Magazin, April 2022<\/h6>\n<p>[\/tm_testimonials_item][tm_testimonials_item title=&#8220;2021\/2022 Juve&#8220; textarea_html_bkg_color=&#8220;#ffffff&#8220; background_color=&#8220;#ffffff&#8220; size=&#8220;small&#8220; tab_id=&#8220;tab_id-1649138048592-0&#8243;]<em>&#8222;Renommiert f\u00fcr die Unternehmensnachfolgeberatung und damit verbundene Transaktionen wird das kleine multidisziplin\u00e4re Team immer wieder bei prominenten F\u00e4llen mandatiert.&#8220;<\/em><\/p>\n<p><em>\u00a0<\/em><br \/>\n<em>\u00a0<\/em><\/p>\n<h6>JUVE Handbuch Wirtschaftskanzleien 2021\/2022 \u00fcber die Kanzlei Binz &amp; Partner<\/h6>\n<p>[\/tm_testimonials_item][tm_testimonials_item title=&#8220;2020\/2021 Juve&#8220; textarea_html_bkg_color=&#8220;#ffffff&#8220; background_color=&#8220;#ffffff&#8220; size=&#8220;small&#8220; tab_id=&#8220;tab_id-1604384908691-3&#8243;]<em>&#8222;Die Stuttgarter Boutique bleibt insbesondere durch den Namenspartner eine der auff\u00e4lligsten Beraterinnen von Mehrheitsgesellschaftern gro\u00dfer deutscher Familienunternehmen. Zahlreiche Mandanten vertrauen seit Jahren auf das Team, h\u00e4ufig auch als Mitglieder in Aufsichtsgremien.&#8220;<\/em><\/p>\n<p><em>\u00a0<\/em><br \/>\n<em>\u00a0<\/em><\/p>\n<h6>JUVE Handbuch Wirtschaftskanzleien 2020\/2021 \u00fcber Prof. Binz und die Kanzlei Binz &amp; Partner<\/h6>\n<p>[\/tm_testimonials_item][tm_testimonials_item title=&#8220;2019\/2020 Juve&#8220; textarea_html_bkg_color=&#8220;#ffffff&#8220; background_color=&#8220;#ffffff&#8220; size=&#8220;small&#8220; tab_id=&#8220;tab_id-1573110060387-1&#8243;]<em>&#8222;Nach wie vor lebt die f\u00fcr Nachfolge- und Verm\u00f6gensberatung angesehene Kanzlei vom Ruf und von den Kontakten des Namenspartners, dessen strategische und gesch\u00e4ftliche F\u00e4higkeiten hoch gesch\u00e4tzt sind.&#8220;<\/em><\/p>\n<p><em>\u00a0<\/em><br \/>\n<em>\u00a0<\/em><\/p>\n<h6>JUVE Handbuch Wirtschaftskanzleien 2019\/2020 \u00fcber Prof. Binz und die Kanzlei Binz &amp; Partner<\/h6>\n<p>[\/tm_testimonials_item][tm_testimonials_item title=&#8220;2019\/2020 Juve&#8220; textarea_html_bkg_color=&#8220;#ffffff&#8220; background_color=&#8220;#ffffff&#8220; size=&#8220;small&#8220; tab_id=&#8220;tab_id-1573110280217-2&#8243;]<em>&#8222;Wenn die kleine Beratermannschaft der Soziet\u00e4t nicht gerade Unternehmensverk\u00e4ufe oder Nachfolgeregelungen verhandelt, widmet sie sich Governance-Strukturen und langj\u00e4hrigen Gremienmandaten, wie bei Faber-Castell, Fielmann, Mahle und Festo.&#8220;<\/em><\/p>\n<p><em>\u00a0<\/em><br \/>\n<em>\u00a0<\/em><\/p>\n<h6>JUVE Handbuch Wirtschaftskanzleien 2019\/2020 \u00fcber die Kanzlei Binz &amp; Partner<\/h6>\n<p>[\/tm_testimonials_item][tm_testimonials_item title=&#8220;2018\/2019 Juve&#8220; textarea_html_bkg_color=&#8220;#ffffff&#8220; background_color=&#8220;#ffffff&#8220; size=&#8220;small&#8220; tab_id=&#8220;tab_id-1541351266305-3&#8243;]<em>&#8222;Die Praxis kombiniert ihre gesellschafts- und steuerrechtlichen Kompetenzen geschickt bei der Nachfolge- und Verm\u00f6gensberatung. Ihre erfahrenen Partner werden auch regelm\u00e4\u00dfig bei Gesellschafterkonflikten eingeschaltet und in Gremien berufen.&#8220;<\/em><\/p>\n<p><em>\u00a0<\/em><br \/>\n<em>\u00a0<\/em><\/p>\n<h6>JUVE Handbuch Wirtschaftskanzleien 2018\/2019 \u00fcber die Kanzlei Binz &amp; Partner<\/h6>\n<p>[\/tm_testimonials_item][tm_testimonials_item title=&#8220;2017\/2018 Juve&#8220; textarea_html_bkg_color=&#8220;#ffffff&#8220; background_color=&#8220;#ffffff&#8220; size=&#8220;small&#8220; tab_id=&#8220;tab_id-1503931588079-8&#8243;]<em>&#8222;Dass die Partner tief in der Wirtschaft verwurzelt sind, zeigen zahlreiche Beirats- und Aufsichtsratsmandate bei namhaften Unternehmen wie W\u00fcrth oder Fielmann.&#8220;<\/em><\/p>\n<p><em>\u00a0<\/em><br \/>\n<em>\u00a0<\/em><\/p>\n<h6>JUVE Handbuch Wirtschaftskanzleien 2017\/2018 \u00fcber Prof. Binz und die Kanzlei Binz &amp; Partner<\/h6>\n<p>[\/tm_testimonials_item][tm_testimonials_item title=&#8220;2016\/2017 Juve&#8220; textarea_html_bkg_color=&#8220;#ffffff&#8220; background_color=&#8220;#ffffff&#8220; size=&#8220;small&#8220; alignment=&#8220;center&#8220; tab_id=&#8220;tab_id-1503931326361-2&#8243;]<em>&#8222;Im Gesellschaftsrecht gesch\u00e4tzte Praxis. Die Basis der T\u00e4tigkeit bildet von jeher die gesellschaftsrechtliche (Struktur-) Beratung in Familienunternehmen (f\u00fcr Mehrheits- und Minderheitsgesellschafter).&#8220;<\/em><\/p>\n<p><em>\u00a0<\/em><br \/>\n<em>\u00a0<\/em><\/p>\n<h6>JUVE Handbuch Wirtschaftskanzleien 2016\/2017 \u00fcber die Kanzlei Binz &amp; Partner<\/h6>\n<p>[\/tm_testimonials_item][\/tm_testimonials_holder][\/vc_column][\/vc_row][vc_row equalize=&#8220;true&#8220; columns_on_tablet=&#8220;force_2&#8243; padding_top=&#8220;40&#8243; padding_bottom=&#8220;40&#8243; use_background=&#8220;yes&#8220; background_color=&#8220;#ffffff&#8220; overlay_background_color=&#8220;rgba(255,255,255,0.3)&#8220;][vc_column h_text_align=&#8220;center&#8220; h_text_align_mobile=&#8220;left-on-mobile&#8220; v_align=&#8220;v-align-top&#8220; use_background=&#8220;yes&#8220; background_color=&#8220;#ffffff&#8220; column_offset=&#8220;&#8220; column_push=&#8220;&#8220; column_pull=&#8220;&#8220; width=&#8220;1\/4&#8243;][tm_image image_id=&#8220;1148&#8243; image_width=&#8220;220&#8243; link_image=&#8220;none&#8220; textarea_html_bkg_color=&#8220;#ffffff&#8220; caption_type=&#8220;&#8220;][\/tm_image][\/vc_column][vc_column h_text_align=&#8220;left&#8220; h_text_align_mobile=&#8220;left-on-mobile&#8220; v_align=&#8220;v-align-middle&#8220; use_background=&#8220;yes&#8220; background_color=&#8220;#ffffff&#8220; column_offset=&#8220;&#8220; column_push=&#8220;&#8220; column_pull=&#8220;&#8220; width=&#8220;3\/4&#8243;][tm_textblock textarea_html_bkg_color=&#8220;#ffffff&#8220;]<\/p>\n<h3>Das Standardwerk f\u00fcr Familienunternehmen<\/h3>\n<p><em>&#8222;Das Handbuch enth\u00e4lt eine systematische, wissenschaftlichen Anspr\u00fcchen gen\u00fcgende Darstellung aller handels- und steuerrechtlichen Themen der GmbH &amp; Co. KG, wobei auch auf arbeits- und mitbestimmungsrechtliche Fragen eingegangen wird. Die Autoren Professor Binz, Rechtsanwalt, und Dr. Sorg, Wirtschaftspr\u00fcfer, sind seit Jahrzehnten Experten f\u00fcr das Steuer- und Gesellschaftsrecht von Familienunternehmen. Sie geh\u00f6ren dar\u00fcber hinaus zahlreichen Aufsichtsr\u00e4ten gro\u00dfer Familiengesellschaften an.&#8220;\u00a0<\/em><br \/>\n(aus dem Verlagsprospekt)<\/p>\n<h6>12. Auflage 2018; Buch; XLV; 634 S. Hardcover (in Leinen); C.H.BECK ISBN 978-3-406-69075-4; von Prof. Dr. Mark K. Binz, Rechtsanwalt und Fachanwalt f\u00fcr Steuerrecht, und Dr. Martin H. Sorg, Wirtschaftspr\u00fcfer; erh\u00e4ltlich im Buchhandel und bei\u00a0<a href=\"http:\/\/bit.ly\/2iTFNzu\" target=\"_blank\" rel=\"noopener\">www.beck-shop.de<\/a> (109,00 \u20ac inkl. MwSt.)<\/h6>\n<p>[\/tm_textblock][\/vc_column][\/vc_row]<\/p>","protected":false},"excerpt":{"rendered":"<p>[vc_row columns_on_tablet=&#8220;keep&#8220; padding_top=&#8220;30&#8243; padding_bottom=&#8220;30&#8243; use_background=&#8220;yes&#8220; background_color=&#8220;#ffffff&#8220; use_overlay_background_color=&#8220;true&#8220;][vc_column h_text_align=&#8220;left&#8220; h_text_align_mobile=&#8220;left-on-mobile&#8220; v_align=&#8220;v-align-middle&#8220; use_background=&#8220;yes&#8220; background_color=&#8220;#ffffff&#8220; column_offset=&#8220;&#8220; column_push=&#8220;&#8220; column_pull=&#8220;&#8220; width=&#8220;1\/1&#8243;][tm_hero_2 image_id=&#8220;1280&#8243; hero_column_width=&#8220;8&#8243; hero_column_offset=&#8220;2&#8243; textarea_html_bkg_color=&#8220;#ffffff&#8220; text_color=&#8220;#ffffff&#8220; content_animation=&#8220;slideInUpShort&#8220;][\/tm_hero_2][\/vc_column][\/vc_row][vc_row force_fullwidth=&#8220;true&#8220; columns_on_tablet=&#8220;keep&#8220; padding_top=&#8220;0&#8243; padding_bottom=&#8220;30&#8243; use_background=&#8220;yes&#8220; background_color=&#8220;#ffffff&#8220; is_section_block=&#8220;yes&#8220;][vc_column h_text_align=&#8220;left&#8220; h_text_align_mobile=&#8220;left-on-mobile&#8220; v_align=&#8220;v-align-middle&#8220; use_background=&#8220;yes&#8220; background_color=&#8220;#ffffff&#8220; column_offset=&#8220;1&#8243; column_push=&#8220;&#8220; column_pull=&#8220;&#8220; width=&#8220;5\/6&#8243;][tm_textblock textarea_html_bkg_color=&#8220;#ffffff&#8220;] Erfolgreiche L\u00f6sungen f\u00fcr Familienunternehmen Die im Jahr 1987 von Professor Dr. Mark K. Binz als Seniorpartner &#8230; <\/p>\n","protected":false},"author":2,"featured_media":0,"parent":0,"menu_order":0,"comment_status":"closed","ping_status":"closed","template":"","meta":[],"_links":{"self":[{"href":"https:\/\/binz-partner.de\/web\/wp-json\/wp\/v2\/pages\/17"}],"collection":[{"href":"https:\/\/binz-partner.de\/web\/wp-json\/wp\/v2\/pages"}],"about":[{"href":"https:\/\/binz-partner.de\/web\/wp-json\/wp\/v2\/types\/page"}],"author":[{"embeddable":true,"href":"https:\/\/binz-partner.de\/web\/wp-json\/wp\/v2\/users\/2"}],"replies":[{"embeddable":true,"href":"https:\/\/binz-partner.de\/web\/wp-json\/wp\/v2\/comments?post=17"}],"version-history":[{"count":21,"href":"https:\/\/binz-partner.de\/web\/wp-json\/wp\/v2\/pages\/17\/revisions"}],"predecessor-version":[{"id":2235,"href":"https:\/\/binz-partner.de\/web\/wp-json\/wp\/v2\/pages\/17\/revisions\/2235"}],"wp:attachment":[{"href":"https:\/\/binz-partner.de\/web\/wp-json\/wp\/v2\/media?parent=17"}],"curies":[{"name":"wp","href":"https:\/\/api.w.org\/{rel}","templated":true}]}}