{"id":2004,"date":"2023-02-15T10:16:09","date_gmt":"2023-02-15T09:16:09","guid":{"rendered":"https:\/\/binz-partner.de\/web\/?page_id=2004"},"modified":"2023-03-13T14:55:01","modified_gmt":"2023-03-13T13:55:01","slug":"frank-weiss","status":"publish","type":"page","link":"https:\/\/binz-partner.de\/web\/team\/frank-weiss\/","title":{"rendered":"Frank C. Wei\u00df"},"content":{"rendered":"<p>[vc_row columns_on_tablet=&#8220;keep&#8220; padding_top=&#8220;30&#8243; use_background=&#8220;yes&#8220; background_color=&#8220;#ffffff&#8220; use_overlay_background_color=&#8220;true&#8220;][vc_column h_text_align=&#8220;left&#8220; h_text_align_mobile=&#8220;left-on-mobile&#8220; v_align=&#8220;v-align-middle&#8220; use_background=&#8220;yes&#8220; background_color=&#8220;#ffffff&#8220; column_offset=&#8220;&#8220; column_push=&#8220;&#8220; column_pull=&#8220;&#8220; width=&#8220;1\/1&#8243;][tm_hero_2 image_id=&#8220;2025&#8243; hero_column_width=&#8220;8&#8243; hero_column_offset=&#8220;2&#8243; textarea_html_bkg_color=&#8220;#ffffff&#8220; text_color=&#8220;#ffffff&#8220; content_animation=&#8220;slideInUpShort&#8220;]<\/p>\n<h2><\/h2>\n<p>[\/tm_hero_2][\/vc_column][\/vc_row][vc_row columns_on_tablet=&#8220;force_1&#8243; padding_top=&#8220;30&#8243; use_background=&#8220;yes&#8220; background_color=&#8220;#ffffff&#8220; overlay_background_color=&#8220;&#8220; is_section_block=&#8220;yes&#8220;][vc_column h_text_align=&#8220;left&#8220; h_text_align_mobile=&#8220;left-on-mobile&#8220; v_align=&#8220;v-align-middle&#8220; use_background=&#8220;&#8220; column_offset=&#8220;&#8220; column_push=&#8220;&#8220; column_pull=&#8220;&#8220; width=&#8220;2\/3&#8243;][vc_row_inner columns_on_tablet=&#8220;keep&#8220; padding_top=&#8220;0&#8243; padding_bottom=&#8220;0&#8243;][vc_column_inner h_text_align=&#8220;left&#8220; h_text_align_mobile=&#8220;left&#8220; v_align=&#8220;v-align-middle&#8220; use_background=&#8220;&#8220; width=&#8220;1\/1&#8243;][tm_textblock textarea_html_bkg_color=&#8220;#ffffff&#8220;]<\/p>\n<h2>Frank C. Wei\u00df<\/h2>\n<blockquote><p>Partner seit 2023<\/p><\/blockquote>\n<h4>Lebenslauf<\/h4>\n<ul class=\"ulll\">\n<li>1987 geboren in W\u00fcrzburg<\/li>\n<li>Studium der Rechtswissenschaften an der Ludwig-Maximilians-Universit\u00e4t M\u00fcnchen sowie an der Universit\u00e9 Panth\u00e9on-Assas (Paris II)<\/li>\n<li>Praktika und T\u00e4tigkeiten bei verschiedenen Kanzleien in M\u00fcnchen, Hamburg und Paris sowie im F\u00fcrstentum Liechtenstein<\/li>\n<li>Referendariat am OLG Frankfurt a.M. mit Stationen bei Ashurst LLP, in Stuttgart (Porsche AG) und Paris (St\u00e4V d. BR Deutschland bei d. UNESCO)<\/li>\n<li>2018 T\u00e4tigkeit bei Marxer &amp; Partner, Vaduz (F\u00fcrstentum Liechtenstein)<\/li>\n<li>2018 Zulassung als Rechtsanwalt<\/li>\n<li>2018 Rechtsanwalt bei Ashurst LLP, Frankfurt a. M. und M\u00fcnchen<\/li>\n<li>2019 Rechtsanwalt bei McDermott Will &amp; Emery LLP, M\u00fcnchen<\/li>\n<li>2021 Rechtsanwalt bei Allen &amp; Overy LLP, M\u00fcnchen<\/li>\n<li>2023 Rechtsanwalt und Partner bei Binz &amp; Partner, Stuttgart<\/li>\n<\/ul>\n<p>[\/tm_textblock][\/vc_column_inner][\/vc_row_inner][tm_textblock textarea_html_bkg_color=&#8220;#ffffff&#8220;]<a class='button content-button-css-1  medium mb-30 mb-mobile-30' href='\/web\/team'>Zur\u00fcck \u2192<\/a><div class=\"clear\"><\/div>[\/tm_textblock][\/vc_column][vc_column h_text_align=&#8220;left&#8220; h_text_align_mobile=&#8220;left-on-mobile&#8220; v_align=&#8220;v-align-middle&#8220; use_background=&#8220;&#8220; column_offset=&#8220;&#8220; column_push=&#8220;&#8220; column_pull=&#8220;&#8220; width=&#8220;1\/3&#8243;][\/vc_column][\/vc_row]<\/p>","protected":false},"excerpt":{"rendered":"<p>[vc_row columns_on_tablet=&#8220;keep&#8220; padding_top=&#8220;30&#8243; use_background=&#8220;yes&#8220; background_color=&#8220;#ffffff&#8220; use_overlay_background_color=&#8220;true&#8220;][vc_column h_text_align=&#8220;left&#8220; h_text_align_mobile=&#8220;left-on-mobile&#8220; v_align=&#8220;v-align-middle&#8220; use_background=&#8220;yes&#8220; background_color=&#8220;#ffffff&#8220; column_offset=&#8220;&#8220; column_push=&#8220;&#8220; column_pull=&#8220;&#8220; width=&#8220;1\/1&#8243;][tm_hero_2 image_id=&#8220;2025&#8243; hero_column_width=&#8220;8&#8243; hero_column_offset=&#8220;2&#8243; textarea_html_bkg_color=&#8220;#ffffff&#8220; text_color=&#8220;#ffffff&#8220; content_animation=&#8220;slideInUpShort&#8220;] [\/tm_hero_2][\/vc_column][\/vc_row][vc_row columns_on_tablet=&#8220;force_1&#8243; padding_top=&#8220;30&#8243; use_background=&#8220;yes&#8220; background_color=&#8220;#ffffff&#8220; overlay_background_color=&#8220;&#8220; is_section_block=&#8220;yes&#8220;][vc_column h_text_align=&#8220;left&#8220; h_text_align_mobile=&#8220;left-on-mobile&#8220; v_align=&#8220;v-align-middle&#8220; use_background=&#8220;&#8220; column_offset=&#8220;&#8220; column_push=&#8220;&#8220; column_pull=&#8220;&#8220; width=&#8220;2\/3&#8243;][vc_row_inner columns_on_tablet=&#8220;keep&#8220; padding_top=&#8220;0&#8243; padding_bottom=&#8220;0&#8243;][vc_column_inner h_text_align=&#8220;left&#8220; h_text_align_mobile=&#8220;left&#8220; v_align=&#8220;v-align-middle&#8220; use_background=&#8220;&#8220; width=&#8220;1\/1&#8243;][tm_textblock textarea_html_bkg_color=&#8220;#ffffff&#8220;] Frank C. Wei\u00df Partner seit 2023 Lebenslauf 1987 geboren in &#8230; <\/p>\n","protected":false},"author":2,"featured_media":0,"parent":134,"menu_order":0,"comment_status":"closed","ping_status":"closed","template":"","meta":[],"_links":{"self":[{"href":"https:\/\/binz-partner.de\/web\/wp-json\/wp\/v2\/pages\/2004"}],"collection":[{"href":"https:\/\/binz-partner.de\/web\/wp-json\/wp\/v2\/pages"}],"about":[{"href":"https:\/\/binz-partner.de\/web\/wp-json\/wp\/v2\/types\/page"}],"author":[{"embeddable":true,"href":"https:\/\/binz-partner.de\/web\/wp-json\/wp\/v2\/users\/2"}],"replies":[{"embeddable":true,"href":"https:\/\/binz-partner.de\/web\/wp-json\/wp\/v2\/comments?post=2004"}],"version-history":[{"count":4,"href":"https:\/\/binz-partner.de\/web\/wp-json\/wp\/v2\/pages\/2004\/revisions"}],"predecessor-version":[{"id":2026,"href":"https:\/\/binz-partner.de\/web\/wp-json\/wp\/v2\/pages\/2004\/revisions\/2026"}],"up":[{"embeddable":true,"href":"https:\/\/binz-partner.de\/web\/wp-json\/wp\/v2\/pages\/134"}],"wp:attachment":[{"href":"https:\/\/binz-partner.de\/web\/wp-json\/wp\/v2\/media?parent=2004"}],"curies":[{"name":"wp","href":"https:\/\/api.w.org\/{rel}","templated":true}]}}