{"id":2180,"date":"2025-06-25T11:38:28","date_gmt":"2025-06-25T09:38:28","guid":{"rendered":"https:\/\/binz-partner.de\/web\/?page_id=2180"},"modified":"2025-06-25T12:19:47","modified_gmt":"2025-06-25T10:19:47","slug":"rechtsanwalt-fuer-gesellschafts-und-steuerrecht-m-w-d","status":"publish","type":"page","link":"https:\/\/binz-partner.de\/web\/karriere\/rechtsanwalt-fuer-gesellschafts-und-steuerrecht-m-w-d\/","title":{"rendered":"Rechtsanwalt f\u00fcr Gesellschafts- und Steuerrecht (m\/w\/d)"},"content":{"rendered":"<p>[vc_row columns_on_tablet=&#8220;keep&#8220; padding_top=&#8220;30&#8243; padding_bottom=&#8220;30&#8243; use_background=&#8220;yes&#8220; background_color=&#8220;#ffffff&#8220; use_overlay_background_color=&#8220;true&#8220;][vc_column h_text_align=&#8220;left&#8220; h_text_align_mobile=&#8220;left-on-mobile&#8220; v_align=&#8220;v-align-middle&#8220; use_background=&#8220;yes&#8220; background_color=&#8220;#ffffff&#8220; column_offset=&#8220;&#8220; column_push=&#8220;&#8220; column_pull=&#8220;&#8220; width=&#8220;1\/1&#8243;][tm_hero_2 image_id=&#8220;1279&#8243; hero_column_width=&#8220;8&#8243; hero_column_offset=&#8220;2&#8243; textarea_html_bkg_color=&#8220;#ffffff&#8220; text_color=&#8220;#ffffff&#8220; content_animation=&#8220;slideInUpShort&#8220;]<\/p>\n<h2><\/h2>\n<p>[\/tm_hero_2][\/vc_column][\/vc_row][vc_row force_fullwidth=&#8220;true&#8220; columns_on_tablet=&#8220;keep&#8220; padding_top=&#8220;30&#8243; padding_bottom=&#8220;30&#8243; use_background=&#8220;yes&#8220; background_color=&#8220;#ffffff&#8220; is_section_block=&#8220;yes&#8220;][vc_column h_text_align=&#8220;left&#8220; h_text_align_mobile=&#8220;left-on-mobile&#8220; v_align=&#8220;v-align-middle&#8220; use_background=&#8220;yes&#8220; background_color=&#8220;#ffffff&#8220; column_offset=&#8220;1&#8243; column_push=&#8220;&#8220; column_pull=&#8220;&#8220; width=&#8220;2\/3&#8243;][tm_textblock textarea_html_bkg_color=&#8220;#ffffff&#8220;]<\/p>\n<h1>Stellenanzeige \u2013 Rechtsanwalt f\u00fcr Gesellschafts- und Steuerrecht\u00a0(m\/w\/d)<\/h1>\n<p class=\"p1\">Unsere Stuttgarter Anwalts-Boutique geh\u00f6rt zu den ersten Adressen, wenn es um die L\u00f6sung spezifischer Probleme von <strong>Familienunternehmen<\/strong> geht. Unsere Schwerpunkte sind:<\/p>\n<ul>\n<li>\n<p class=\"p1\" style=\"margin-bottom: 1rem;\">Gestaltung der Unternehmensnachfolge einschlie\u00dflich Stiftungsl\u00f6sungen, Unternehmertestament<br \/>\nund Erbschaftsteuer<\/p>\n<\/li>\n<li>\n<p class=\"p1\" style=\"margin-bottom: 1rem;\">Kauf und Verkauf von Unternehmen und Beteiligungen, einschlie\u00dflich Finanzierung (M&amp;A)<\/p>\n<\/li>\n<li>\n<p class=\"p1\" style=\"margin-bottom: 1rem;\">L\u00f6sung von gesellschaftsrechtlichen, steuerlichen und mitbestimmungsrechtlichen Einzelfragen einschlie\u00dflich Compliance<\/p>\n<\/li>\n<li>\n<p class=\"p1\" style=\"margin-bottom: 1rem;\">Optimierung der Rechtsform, des Gesellschaftsvertrags und der Governancestruktur<\/p>\n<\/li>\n<li>\n<p class=\"p1\" style=\"margin-bottom: 1rem;\">Vermeidung und L\u00f6sung von Gesellschafterkonflikten einschlie\u00dflich Mediation<\/p>\n<\/li>\n<li>\n<p class=\"p1\" style=\"margin-bottom: 1rem;\">Wahrnehmung von Aufsichtsratsmandaten im strategischen Interesse von Mandanten<\/p>\n<\/li>\n<\/ul>\n<p>Die Grundlage unserer T\u00e4tigkeit sind h\u00f6chste juristische Qualit\u00e4t, Kreativit\u00e4t und unternehmerisches Denken, um f\u00fcr unsere Mandanten optimale Konzepte und L\u00f6sungen f\u00fcr ihre Probleme zu entwickeln \u2013 aber auch Pers\u00f6nlichkeit, Charisma, Ehrgeiz und Durchsetzungsverm\u00f6gen, um diese erfolgreich in die Tat umzusetzen! Daneben sind wir auch schriftstellerisch aktiv. Das von uns herausgegebene Standardwerk <em>\u201eDie GmbH &amp; Co. KG &#8211; Handbuch f\u00fcr Familienunternehmen\u201c<\/em> ist zuletzt in 12. Auflage im Verlag C.H. Beck erschienen.<\/p>\n<p>F\u00fcr unsere <strong>Referate Gesellschafts- und Steuerrecht<\/strong> suchen wir einen j\u00fcngeren <strong>Rechtsanwalt (m\/w\/d)<\/strong> mit hervorragender Qualifikation (Pr\u00e4dikatsexamen, Promotion, verhandlungssicheres Englisch) und Freude an fachliterarischer T\u00e4tigkeit. Wir bieten einen sch\u00f6nen Arbeitsplatz im Gr\u00fcnen, sehr pers\u00f6nliche Atmosph\u00e4re und konkrete Aussicht auf Partnerschaft. Einige Jahre Berufserfahrung sind von Vorteil.<\/p>\n<p>Ihre aussagekr\u00e4ftigen Bewerbungsunterlagen (mit Lichtbild und Gehaltsvorstellungen), die wir genauso vertraulich behandeln wie ein Anwaltsgeheimnis, senden Sie bitte per E-Mail an das pers\u00f6nliche Postfach von Prof. Dr. Mark Binz: <a href=\"mailto:binz@binz-partner.de\">binz@binz-partner.de<\/a>[\/tm_textblock][tm_raw_html]JTNDZGl2JTIwc3R5bGUlM0QlMjJoZWlnaHQlM0EzMHB4JTNCJTIyJTNFJTNDJTJGZGl2JTNF[\/tm_raw_html][tm_textblock textarea_html_bkg_color=&#8220;#ffffff&#8220;]<a class='button content-button-css-1  medium mb-30 mb-mobile-30' href='\/web\/karriere'>Zur\u00fcck \u2192<\/a><div class=\"clear\"><\/div>[\/tm_textblock][tm_raw_html]JTNDZGl2JTIwc3R5bGUlM0QlMjJoZWlnaHQlM0EzMHB4JTNCJTIyJTNFJTNDJTJGZGl2JTNF[\/tm_raw_html][\/vc_column][vc_column h_text_align=&#8220;left&#8220; h_text_align_mobile=&#8220;left&#8220; v_align=&#8220;v-align-middle&#8220; use_background=&#8220;&#8220; width=&#8220;1\/3&#8243;][\/vc_column][\/vc_row]<\/p>","protected":false},"excerpt":{"rendered":"<p>[vc_row columns_on_tablet=&#8220;keep&#8220; padding_top=&#8220;30&#8243; padding_bottom=&#8220;30&#8243; use_background=&#8220;yes&#8220; background_color=&#8220;#ffffff&#8220; use_overlay_background_color=&#8220;true&#8220;][vc_column h_text_align=&#8220;left&#8220; h_text_align_mobile=&#8220;left-on-mobile&#8220; v_align=&#8220;v-align-middle&#8220; use_background=&#8220;yes&#8220; background_color=&#8220;#ffffff&#8220; column_offset=&#8220;&#8220; column_push=&#8220;&#8220; column_pull=&#8220;&#8220; width=&#8220;1\/1&#8243;][tm_hero_2 image_id=&#8220;1279&#8243; hero_column_width=&#8220;8&#8243; hero_column_offset=&#8220;2&#8243; textarea_html_bkg_color=&#8220;#ffffff&#8220; text_color=&#8220;#ffffff&#8220; content_animation=&#8220;slideInUpShort&#8220;] [\/tm_hero_2][\/vc_column][\/vc_row][vc_row force_fullwidth=&#8220;true&#8220; columns_on_tablet=&#8220;keep&#8220; padding_top=&#8220;30&#8243; padding_bottom=&#8220;30&#8243; use_background=&#8220;yes&#8220; background_color=&#8220;#ffffff&#8220; is_section_block=&#8220;yes&#8220;][vc_column h_text_align=&#8220;left&#8220; h_text_align_mobile=&#8220;left-on-mobile&#8220; v_align=&#8220;v-align-middle&#8220; use_background=&#8220;yes&#8220; background_color=&#8220;#ffffff&#8220; column_offset=&#8220;1&#8243; column_push=&#8220;&#8220; column_pull=&#8220;&#8220; width=&#8220;2\/3&#8243;][tm_textblock textarea_html_bkg_color=&#8220;#ffffff&#8220;] Stellenanzeige \u2013 Rechtsanwalt f\u00fcr Gesellschafts- und Steuerrecht\u00a0(m\/w\/d) Unsere Stuttgarter Anwalts-Boutique geh\u00f6rt zu den ersten Adressen, &#8230; <\/p>\n","protected":false},"author":2,"featured_media":0,"parent":1761,"menu_order":0,"comment_status":"closed","ping_status":"closed","template":"","meta":[],"_links":{"self":[{"href":"https:\/\/binz-partner.de\/web\/wp-json\/wp\/v2\/pages\/2180"}],"collection":[{"href":"https:\/\/binz-partner.de\/web\/wp-json\/wp\/v2\/pages"}],"about":[{"href":"https:\/\/binz-partner.de\/web\/wp-json\/wp\/v2\/types\/page"}],"author":[{"embeddable":true,"href":"https:\/\/binz-partner.de\/web\/wp-json\/wp\/v2\/users\/2"}],"replies":[{"embeddable":true,"href":"https:\/\/binz-partner.de\/web\/wp-json\/wp\/v2\/comments?post=2180"}],"version-history":[{"count":15,"href":"https:\/\/binz-partner.de\/web\/wp-json\/wp\/v2\/pages\/2180\/revisions"}],"predecessor-version":[{"id":2210,"href":"https:\/\/binz-partner.de\/web\/wp-json\/wp\/v2\/pages\/2180\/revisions\/2210"}],"up":[{"embeddable":true,"href":"https:\/\/binz-partner.de\/web\/wp-json\/wp\/v2\/pages\/1761"}],"wp:attachment":[{"href":"https:\/\/binz-partner.de\/web\/wp-json\/wp\/v2\/media?parent=2180"}],"curies":[{"name":"wp","href":"https:\/\/api.w.org\/{rel}","templated":true}]}}