{"id":2183,"date":"2025-06-25T11:45:48","date_gmt":"2025-06-25T09:45:48","guid":{"rendered":"https:\/\/binz-partner.de\/web\/?page_id=2183"},"modified":"2025-06-25T12:50:09","modified_gmt":"2025-06-25T10:50:09","slug":"sekretaerin-in-teil-oder-vollzeit-m-w-d","status":"publish","type":"page","link":"https:\/\/binz-partner.de\/web\/karriere\/sekretaerin-in-teil-oder-vollzeit-m-w-d\/","title":{"rendered":"Sekret\u00e4rin in Teil- oder Vollzeit (m\/w\/d)"},"content":{"rendered":"<p>[vc_row columns_on_tablet=&#8220;keep&#8220; padding_top=&#8220;30&#8243; padding_bottom=&#8220;30&#8243; use_background=&#8220;yes&#8220; background_color=&#8220;#ffffff&#8220; use_overlay_background_color=&#8220;true&#8220;][vc_column h_text_align=&#8220;left&#8220; h_text_align_mobile=&#8220;left-on-mobile&#8220; v_align=&#8220;v-align-middle&#8220; use_background=&#8220;yes&#8220; background_color=&#8220;#ffffff&#8220; column_offset=&#8220;&#8220; column_push=&#8220;&#8220; column_pull=&#8220;&#8220; width=&#8220;1\/1&#8243;][tm_hero_2 image_id=&#8220;1279&#8243; hero_column_width=&#8220;8&#8243; hero_column_offset=&#8220;2&#8243; textarea_html_bkg_color=&#8220;#ffffff&#8220; text_color=&#8220;#ffffff&#8220; content_animation=&#8220;slideInUpShort&#8220;]<\/p>\n<h2><\/h2>\n<p>[\/tm_hero_2][\/vc_column][\/vc_row][vc_row force_fullwidth=&#8220;true&#8220; columns_on_tablet=&#8220;keep&#8220; padding_top=&#8220;30&#8243; padding_bottom=&#8220;30&#8243; use_background=&#8220;yes&#8220; background_color=&#8220;#ffffff&#8220; is_section_block=&#8220;yes&#8220;][vc_column h_text_align=&#8220;left&#8220; h_text_align_mobile=&#8220;left-on-mobile&#8220; v_align=&#8220;v-align-middle&#8220; use_background=&#8220;yes&#8220; background_color=&#8220;#ffffff&#8220; column_offset=&#8220;1&#8243; column_push=&#8220;&#8220; column_pull=&#8220;&#8220; width=&#8220;2\/3&#8243;][tm_textblock textarea_html_bkg_color=&#8220;#ffffff&#8220;]<\/p>\n<h1>Stellenanzeige \u2013 Sekret\u00e4rin in Teil- oder Vollzeit (m\/w\/d)<\/h1>\n<p class=\"p1\">Binz &amp; Partner geh\u00f6rt zu den ersten Adressen und ist eine der f\u00fchrenden Kanzleien in der Beratung von mittelst\u00e4ndischen <strong>Familienunternehmen<\/strong> und Eigent\u00fcmerfamilien in ganz Deutschland. Auf Basis unserer steuer- und gesellschaftsrechtlichen Kompetenz gestalten wir f\u00fcr unsere Mandanten ganzheitliche L\u00f6sungen. Unsere repr\u00e4sentativen B\u00fcror\u00e4ume befinden sich in Stuttgart-Degerloch.<\/p>\n<p class=\"p1\" style=\"margin-bottom: 1rem;\"><strong>Folgende Aufgaben erwarten Sie:<\/strong><\/p>\n<ul>\n<li>\n<p class=\"p1\" style=\"margin-bottom: 1rem;\">Erledigung aller anfallenden Sekretariatsaufgaben<\/p>\n<\/li>\n<li>\n<p class=\"p1\" style=\"margin-bottom: 1rem;\">Vertrags- und Dokumentenmanagement<\/p>\n<\/li>\n<li>\n<p class=\"p1\" style=\"margin-bottom: 1rem;\">Aktenf\u00fchrung (digital)<\/p>\n<\/li>\n<li>\n<p class=\"p1\" style=\"margin-bottom: 1rem;\">Pflege von Datenbanken<\/p>\n<\/li>\n<li>\n<p class=\"p1\" style=\"margin-bottom: 1rem;\">Termin- und Reiseorganisation<\/p>\n<\/li>\n<li>\n<p class=\"p1\" style=\"margin-bottom: 1rem;\">Organisation und Betreuung von Besprechungen<\/p>\n<\/li>\n<li>Formatierung anspruchsvoller Dokumente inkl. Schreiben nach Diktat<\/li>\n<\/ul>\n<p class=\"p1\" style=\"margin-bottom: 1rem;\"><strong>Sie bringen Folgendes mit:<\/strong><\/p>\n<p class=\"p1\">Sie k\u00f6nnen eine abgeschlossene Berufsausbildung im Sekretariatsbereich vorweisen und beherrschen die deutsche Rechtschreibung aus dem Effeff. Aufgrund Ihrer Berufserfahrung sind Sie auch im gelegentlich hektischen B\u00fcroalltag in der Lage, Priorit\u00e4ten zu setzen und behalten dabei einen klaren Kopf. Sie zeichnet eine vorausschauende und qualit\u00e4tsbewusste Arbeitsweise aus. Ebenfalls bereitet Ihnen der Umgang mit den g\u00e4ngigen Office-Produkten keine Schwierigkeiten.<\/p>\n<p class=\"p1\" style=\"margin-bottom: 1rem;\"><strong>Das k\u00f6nnen Sie erwarten:<\/strong><\/p>\n<ul>\n<li class=\"p1\">Repr\u00e4sentatives Arbeitsumfeld in idyllischer Lage am Waldrand<\/li>\n<li>\n<p class=\"p1\" style=\"margin-bottom: 1rem;\">\u00a0G\u00fcnstige Verkehrsanbindung (Stadtbahn, PKW)<\/p>\n<\/li>\n<li>\n<p class=\"p1\" style=\"margin-bottom: 1rem;\">Ausreichend vorhandene Parkm\u00f6glichkeiten<\/p>\n<\/li>\n<li>\n<p class=\"p1\" style=\"margin-bottom: 1rem;\">Kostenfreie Kalt- und Hei\u00dfgetr\u00e4nke<\/p>\n<\/li>\n<li>\n<p class=\"p1\" style=\"margin-bottom: 1rem;\">W\u00f6chentlicher Obstkorb<\/p>\n<\/li>\n<li>\n<p class=\"p1\" style=\"margin-bottom: 1rem;\">Famili\u00e4res, freundliches Team<\/p>\n<\/li>\n<li>\n<p class=\"p1\" style=\"margin-bottom: 1rem;\">Mitarbeiter-Events<\/p>\n<\/li>\n<li>\n<p class=\"p1\" style=\"margin-bottom: 1rem;\">30 Tage Urlaub<\/p>\n<\/li>\n<li>\n<p class=\"p1\" style=\"margin-bottom: 1rem;\">Attraktive Verg\u00fctung<\/p>\n<\/li>\n<\/ul>\n<p class=\"p1\">Bitte senden Sie uns Ihre vollst\u00e4ndigen Bewerbungsunterlagen per E-Mail \u2013 m\u00f6glichst zusammengefasst in einer PDF-Datei \u2013 unter Angabe Ihres fr\u00fchestm\u00f6glichen Eintrittstermins und Ihrer Gehaltsvorstellung an Frau Kleyer \u2013 <a href=\"mailto:kleyer@binz-partner.de\">kleyer@binz-partner.de<\/a><\/p>\n<p>[\/tm_textblock][tm_raw_html]JTNDZGl2JTIwc3R5bGUlM0QlMjJoZWlnaHQlM0EzMHB4JTNCJTIyJTNFJTNDJTJGZGl2JTNF[\/tm_raw_html][tm_textblock textarea_html_bkg_color=&#8220;#ffffff&#8220;]<a class='button content-button-css-1  medium mb-30 mb-mobile-30' href='\/web\/karriere'>Zur\u00fcck \u2192<\/a><div class=\"clear\"><\/div>[\/tm_textblock][tm_raw_html]JTNDZGl2JTIwc3R5bGUlM0QlMjJoZWlnaHQlM0EzMHB4JTNCJTIyJTNFJTNDJTJGZGl2JTNF[\/tm_raw_html][\/vc_column][vc_column h_text_align=&#8220;left&#8220; h_text_align_mobile=&#8220;left&#8220; v_align=&#8220;v-align-middle&#8220; use_background=&#8220;&#8220; width=&#8220;1\/3&#8243;][\/vc_column][\/vc_row]<\/p>","protected":false},"excerpt":{"rendered":"<p>[vc_row columns_on_tablet=&#8220;keep&#8220; padding_top=&#8220;30&#8243; padding_bottom=&#8220;30&#8243; use_background=&#8220;yes&#8220; background_color=&#8220;#ffffff&#8220; use_overlay_background_color=&#8220;true&#8220;][vc_column h_text_align=&#8220;left&#8220; h_text_align_mobile=&#8220;left-on-mobile&#8220; v_align=&#8220;v-align-middle&#8220; use_background=&#8220;yes&#8220; background_color=&#8220;#ffffff&#8220; column_offset=&#8220;&#8220; column_push=&#8220;&#8220; column_pull=&#8220;&#8220; width=&#8220;1\/1&#8243;][tm_hero_2 image_id=&#8220;1279&#8243; hero_column_width=&#8220;8&#8243; hero_column_offset=&#8220;2&#8243; textarea_html_bkg_color=&#8220;#ffffff&#8220; text_color=&#8220;#ffffff&#8220; content_animation=&#8220;slideInUpShort&#8220;] [\/tm_hero_2][\/vc_column][\/vc_row][vc_row force_fullwidth=&#8220;true&#8220; columns_on_tablet=&#8220;keep&#8220; padding_top=&#8220;30&#8243; padding_bottom=&#8220;30&#8243; use_background=&#8220;yes&#8220; background_color=&#8220;#ffffff&#8220; is_section_block=&#8220;yes&#8220;][vc_column h_text_align=&#8220;left&#8220; h_text_align_mobile=&#8220;left-on-mobile&#8220; v_align=&#8220;v-align-middle&#8220; use_background=&#8220;yes&#8220; background_color=&#8220;#ffffff&#8220; column_offset=&#8220;1&#8243; column_push=&#8220;&#8220; column_pull=&#8220;&#8220; width=&#8220;2\/3&#8243;][tm_textblock textarea_html_bkg_color=&#8220;#ffffff&#8220;] Stellenanzeige \u2013 Sekret\u00e4rin in Teil- oder Vollzeit (m\/w\/d) Binz &amp; Partner geh\u00f6rt zu den ersten &#8230; <\/p>\n","protected":false},"author":2,"featured_media":0,"parent":1761,"menu_order":0,"comment_status":"closed","ping_status":"closed","template":"","meta":[],"_links":{"self":[{"href":"https:\/\/binz-partner.de\/web\/wp-json\/wp\/v2\/pages\/2183"}],"collection":[{"href":"https:\/\/binz-partner.de\/web\/wp-json\/wp\/v2\/pages"}],"about":[{"href":"https:\/\/binz-partner.de\/web\/wp-json\/wp\/v2\/types\/page"}],"author":[{"embeddable":true,"href":"https:\/\/binz-partner.de\/web\/wp-json\/wp\/v2\/users\/2"}],"replies":[{"embeddable":true,"href":"https:\/\/binz-partner.de\/web\/wp-json\/wp\/v2\/comments?post=2183"}],"version-history":[{"count":7,"href":"https:\/\/binz-partner.de\/web\/wp-json\/wp\/v2\/pages\/2183\/revisions"}],"predecessor-version":[{"id":2212,"href":"https:\/\/binz-partner.de\/web\/wp-json\/wp\/v2\/pages\/2183\/revisions\/2212"}],"up":[{"embeddable":true,"href":"https:\/\/binz-partner.de\/web\/wp-json\/wp\/v2\/pages\/1761"}],"wp:attachment":[{"href":"https:\/\/binz-partner.de\/web\/wp-json\/wp\/v2\/media?parent=2183"}],"curies":[{"name":"wp","href":"https:\/\/api.w.org\/{rel}","templated":true}]}}