{"id":482,"date":"2018-01-14T19:41:54","date_gmt":"2018-01-14T18:41:54","guid":{"rendered":"http:\/\/binz-partner.de\/web\/?page_id=482"},"modified":"2024-07-26T10:07:59","modified_gmt":"2024-07-26T08:07:59","slug":"professor-mark-binz","status":"publish","type":"page","link":"https:\/\/binz-partner.de\/web\/team\/professor-mark-binz\/","title":{"rendered":"Professor Dr. Mark K. Binz"},"content":{"rendered":"<p>[vc_row columns_on_tablet=&#8220;keep&#8220; padding_top=&#8220;30&#8243; padding_bottom=&#8220;30&#8243; use_background=&#8220;yes&#8220; background_color=&#8220;#ffffff&#8220; use_overlay_background_color=&#8220;true&#8220;][vc_column h_text_align=&#8220;left&#8220; h_text_align_mobile=&#8220;left-on-mobile&#8220; v_align=&#8220;v-align-middle&#8220; use_background=&#8220;yes&#8220; background_color=&#8220;#ffffff&#8220; column_offset=&#8220;&#8220; column_push=&#8220;&#8220; column_pull=&#8220;&#8220; width=&#8220;1\/1&#8243;][tm_hero_2 image_id=&#8220;1307&#8243; hero_column_width=&#8220;8&#8243; hero_column_offset=&#8220;2&#8243; textarea_html_bkg_color=&#8220;#ffffff&#8220; text_color=&#8220;#ffffff&#8220; content_animation=&#8220;slideInUpShort&#8220;]<\/p>\n<h2><\/h2>\n<p>[\/tm_hero_2][\/vc_column][\/vc_row][vc_row columns_on_tablet=&#8220;force_1&#8243; padding_top=&#8220;30&#8243; use_background=&#8220;yes&#8220; background_color=&#8220;#ffffff&#8220; overlay_background_color=&#8220;&#8220; is_section_block=&#8220;yes&#8220;][vc_column h_text_align=&#8220;left&#8220; h_text_align_mobile=&#8220;left-on-mobile&#8220; v_align=&#8220;v-align-middle&#8220; use_background=&#8220;&#8220; column_offset=&#8220;&#8220; column_push=&#8220;&#8220; column_pull=&#8220;&#8220; width=&#8220;2\/3&#8243;][vc_row_inner columns_on_tablet=&#8220;keep&#8220; padding_top=&#8220;0&#8243; padding_bottom=&#8220;0&#8243;][vc_column_inner h_text_align=&#8220;left&#8220; h_text_align_mobile=&#8220;left&#8220; v_align=&#8220;v-align-middle&#8220; use_background=&#8220;&#8220; width=&#8220;1\/1&#8243;][tm_textblock textarea_html_bkg_color=&#8220;#ffffff&#8220;]<\/p>\n<h2>Prof. Dr. Mark K. Binz<\/h2>\n<blockquote><p>Gr\u00fcndungspartner seit 1987<\/p><\/blockquote>\n<h4>Lebenslauf<\/h4>\n<ul class=\"ulll\">\n<li>1949 geboren in Wiesbaden<\/li>\n<li>Studium der Rechtswissenschaften und Betriebswirtschaftslehre als Stipendiat der Studienstiftung des Deutschen Volkes an den Universit\u00e4ten Berlin, Hamburg, Genf und K\u00f6ln<\/li>\n<li>1976 Promotion zum Dr. iur.utr. an der Universit\u00e4t zu K\u00f6ln, Dissertations-Thema:<br \/>\n<em>\u201eHaftungsverh\u00e4ltnisse im Gr\u00fcndungsstadium der GmbH &amp; Co. KG\u201c<\/em><br \/>\n(Verlag Otto Schmidt, K\u00f6ln 1976)<\/li>\n<li>1977 Zulassung als Rechtsanwalt<\/li>\n<li>1979 Fachanwalt f\u00fcr Steuerrecht<\/li>\n<li>1977 Eintritt in die Anwaltskanzlei B\u00f6ttcher-Beinert in Stuttgart<\/li>\n<li>1981 Partner der Anwaltskanzlei Hennerkes\/Binz<\/li>\n<li>1984 Partner der Anwaltskanzlei Hennerkes\/Binz\/Freudenberg\/Sorg<\/li>\n<li>1987 Gr\u00fcndung der Anwaltssoziet\u00e4t Binz\/Freudenberg\/Sorg, sp\u00e4ter Binz &amp; Partner<\/li>\n<li>Seit 1988 Aufsichtsratsmitglied in zahlreichen, auch b\u00f6rsennotierten Familienunternehmen<br \/>\nwie der Fielmann AG in Hamburg, deren Vorsitzender er heute noch ist<\/li>\n<li>Seit 1994 Lehrbeauftragter f\u00fcr Familienunternehmen an der Hochschule f\u00fcr Technik und Wirtschaft Heilbronn<\/li>\n<li>2001 Ernennung zum Honorarprofessor an der University Heilbronn<\/li>\n<li>2014 Ernennung zum Honorarkonsul der Republik Uruguay<\/li>\n<li>2014 Festschrift f\u00fcr Mark. K. Binz <em>\u201eFamilienunternehmen im Fokus von Wirtschaft und Wissenschaft\u201c<\/em><br \/>\n(Verlag C.H. Beck, M\u00fcnchen)<\/li>\n<li>2018 12. Auflage des Standardwerkes Binz\/Sorg, <em>Die GmbH &amp; Co. KG<\/em>, Verlag C.H. Beck, M\u00fcnchen<\/li>\n<\/ul>\n<p>[\/tm_textblock][tm_raw_html]JTNDZGl2JTIwc3R5bGUlM0QlMjJoZWlnaHQlM0ElMjAyMHB4JTNCJTIyJTNFJTNDJTJGZGl2JTNF[\/tm_raw_html][tm_image image_id=&#8220;2092&#8243; link_image=&#8220;none&#8220; textarea_html_bkg_color=&#8220;#ffffff&#8220; caption_type=&#8220;&#8220;][\/tm_image][tm_textblock textarea_html_bkg_color=&#8220;#ffffff&#8220; el_class=&#8220;bumt&#8220;]<\/p>\n<div style=\"margin-top: -20px;\"><b>Prof. Dr. Mark K. Binz<\/b> \u2013 Hauptversammlung 2024 der Fielmann Group AG<\/div>\n<p>[\/tm_textblock][tm_raw_html]JTNDZGl2JTIwc3R5bGUlM0QlMjJoZWlnaHQlM0ElMjA0NXB4JTNCJTIyJTNFJTNDJTJGZGl2JTNF[\/tm_raw_html][\/vc_column_inner][\/vc_row_inner][tm_textblock textarea_html_bkg_color=&#8220;#ffffff&#8220;]<a class='button content-button-css-1  medium mb-30 mb-mobile-30' href='\/web\/team'>Zur\u00fcck \u2192<\/a><div class=\"clear\"><\/div>[\/tm_textblock][\/vc_column][vc_column h_text_align=&#8220;left&#8220; h_text_align_mobile=&#8220;left-on-mobile&#8220; v_align=&#8220;v-align-middle&#8220; use_background=&#8220;&#8220; style=&#8220;boxed&#8220; box_size=&#8220;xlarge&#8220; box_background_color=&#8220;#ffffff&#8220; box_background_color_hover=&#8220;#ffffff&#8220; column_offset=&#8220;&#8220; column_push=&#8220;&#8220; column_pull=&#8220;&#8220; width=&#8220;1\/3&#8243;][tm_image image_id=&#8220;221&#8243; link_image=&#8220;none&#8220; textarea_html_bkg_color=&#8220;#ffffff&#8220; caption_type=&#8220;&#8220;][\/tm_image][tm_textblock textarea_html_bkg_color=&#8220;#ffffff&#8220;]<\/p>\n<h3>Festschrift f\u00fcr Mark K. Binz<\/h3>\n<p><em>&#8222;Die Festschrift f\u00fcr Professor Binz zeigt den Jubilar als herausragenden Gesellschaftsrechtler und als einen f\u00fchrenden Berater namhafter Familienunternehmen. Das Werk mit dem Titel &#8218;Familienunternehmen im Fokus von Wirtschaft und Wissenschaft&#8216; reflektiert mit mehr als 100 Aufs\u00e4tzen aus der Feder hochkar\u00e4tiger Wissenschaftler, Praktiker und Unternehmer das berufliche Leit- und Lebensthema des Jubilars. Er geh\u00f6rt zu den Pers\u00f6nlichkeiten, die f\u00fcr den dauerhaften Erfolg dieser Art von Unternehmen mitverantwortlich sind. Diese Festschrift ist als Anerkennung dieser au\u00dferordentlichen Leistung zu verstehen.&#8220;<\/em><br \/>\n(aus dem Verlagsprospekt)<\/p>\n<h6>Herausgegeben von Prof. Dr. Barbara Dauner-Lieb, Prof. Dr. G\u00f6tz Freudenberg und Prof. Dr. G\u00f6tz W. Werner; <a href=\"http:\/\/bit.ly\/14gIP3R\" target=\"_blank\" rel=\"noopener\">C.H.BECK<\/a> ISBN 978-3-406-67109-8; 2014; in Leinen 179 Euro; 896 Seiten. Unver\u00e4nderter Nachdruck 2018.<\/h6>\n<p>[\/tm_textblock][\/vc_column][\/vc_row]<\/p>","protected":false},"excerpt":{"rendered":"<p>[vc_row columns_on_tablet=&#8220;keep&#8220; padding_top=&#8220;30&#8243; padding_bottom=&#8220;30&#8243; use_background=&#8220;yes&#8220; background_color=&#8220;#ffffff&#8220; use_overlay_background_color=&#8220;true&#8220;][vc_column h_text_align=&#8220;left&#8220; h_text_align_mobile=&#8220;left-on-mobile&#8220; v_align=&#8220;v-align-middle&#8220; use_background=&#8220;yes&#8220; background_color=&#8220;#ffffff&#8220; column_offset=&#8220;&#8220; column_push=&#8220;&#8220; column_pull=&#8220;&#8220; width=&#8220;1\/1&#8243;][tm_hero_2 image_id=&#8220;1307&#8243; hero_column_width=&#8220;8&#8243; hero_column_offset=&#8220;2&#8243; textarea_html_bkg_color=&#8220;#ffffff&#8220; text_color=&#8220;#ffffff&#8220; content_animation=&#8220;slideInUpShort&#8220;] [\/tm_hero_2][\/vc_column][\/vc_row][vc_row columns_on_tablet=&#8220;force_1&#8243; padding_top=&#8220;30&#8243; use_background=&#8220;yes&#8220; background_color=&#8220;#ffffff&#8220; overlay_background_color=&#8220;&#8220; is_section_block=&#8220;yes&#8220;][vc_column h_text_align=&#8220;left&#8220; h_text_align_mobile=&#8220;left-on-mobile&#8220; v_align=&#8220;v-align-middle&#8220; use_background=&#8220;&#8220; column_offset=&#8220;&#8220; column_push=&#8220;&#8220; column_pull=&#8220;&#8220; width=&#8220;2\/3&#8243;][vc_row_inner columns_on_tablet=&#8220;keep&#8220; padding_top=&#8220;0&#8243; padding_bottom=&#8220;0&#8243;][vc_column_inner h_text_align=&#8220;left&#8220; h_text_align_mobile=&#8220;left&#8220; v_align=&#8220;v-align-middle&#8220; use_background=&#8220;&#8220; width=&#8220;1\/1&#8243;][tm_textblock textarea_html_bkg_color=&#8220;#ffffff&#8220;] Prof. Dr. Mark K. Binz Gr\u00fcndungspartner seit 1987 Lebenslauf &#8230; <\/p>\n","protected":false},"author":2,"featured_media":0,"parent":134,"menu_order":0,"comment_status":"closed","ping_status":"closed","template":"","meta":[],"_links":{"self":[{"href":"https:\/\/binz-partner.de\/web\/wp-json\/wp\/v2\/pages\/482"}],"collection":[{"href":"https:\/\/binz-partner.de\/web\/wp-json\/wp\/v2\/pages"}],"about":[{"href":"https:\/\/binz-partner.de\/web\/wp-json\/wp\/v2\/types\/page"}],"author":[{"embeddable":true,"href":"https:\/\/binz-partner.de\/web\/wp-json\/wp\/v2\/users\/2"}],"replies":[{"embeddable":true,"href":"https:\/\/binz-partner.de\/web\/wp-json\/wp\/v2\/comments?post=482"}],"version-history":[{"count":20,"href":"https:\/\/binz-partner.de\/web\/wp-json\/wp\/v2\/pages\/482\/revisions"}],"predecessor-version":[{"id":2099,"href":"https:\/\/binz-partner.de\/web\/wp-json\/wp\/v2\/pages\/482\/revisions\/2099"}],"up":[{"embeddable":true,"href":"https:\/\/binz-partner.de\/web\/wp-json\/wp\/v2\/pages\/134"}],"wp:attachment":[{"href":"https:\/\/binz-partner.de\/web\/wp-json\/wp\/v2\/media?parent=482"}],"curies":[{"name":"wp","href":"https:\/\/api.w.org\/{rel}","templated":true}]}}