{"id":999,"date":"2018-02-15T18:34:41","date_gmt":"2018-02-15T17:34:41","guid":{"rendered":"http:\/\/binz-partner.de\/web\/?page_id=999"},"modified":"2018-04-13T10:55:41","modified_gmt":"2018-04-13T08:55:41","slug":"unternehmensnachfolge","status":"publish","type":"page","link":"https:\/\/binz-partner.de\/web\/profil\/unternehmensnachfolge\/","title":{"rendered":"Unternehmensnachfolge"},"content":{"rendered":"<p>[vc_row columns_on_tablet=&#8220;keep&#8220; padding_top=&#8220;30&#8243; padding_bottom=&#8220;30&#8243; use_background=&#8220;yes&#8220; background_color=&#8220;#ffffff&#8220; use_overlay_background_color=&#8220;true&#8220;][vc_column h_text_align=&#8220;left&#8220; h_text_align_mobile=&#8220;left-on-mobile&#8220; v_align=&#8220;v-align-middle&#8220; use_background=&#8220;yes&#8220; background_color=&#8220;#ffffff&#8220; column_offset=&#8220;&#8220; column_push=&#8220;&#8220; column_pull=&#8220;&#8220; width=&#8220;1\/1&#8243;][tm_hero_2 image_id=&#8220;975&#8243; hero_column_width=&#8220;8&#8243; hero_column_offset=&#8220;2&#8243; textarea_html_bkg_color=&#8220;#ffffff&#8220; text_color=&#8220;#ffffff&#8220; content_animation=&#8220;slideInUpShort&#8220;]<\/p>\n<h2><\/h2>\n<p>[\/tm_hero_2][\/vc_column][\/vc_row][vc_row force_fullwidth=&#8220;true&#8220; columns_on_tablet=&#8220;keep&#8220; padding_top=&#8220;30&#8243; padding_bottom=&#8220;30&#8243; use_background=&#8220;yes&#8220; background_color=&#8220;#ffffff&#8220; is_section_block=&#8220;yes&#8220;][vc_column h_text_align=&#8220;left&#8220; h_text_align_mobile=&#8220;left-on-mobile&#8220; v_align=&#8220;v-align-middle&#8220; use_background=&#8220;yes&#8220; background_color=&#8220;#ffffff&#8220; column_offset=&#8220;1&#8243; column_push=&#8220;&#8220; column_pull=&#8220;&#8220; width=&#8220;2\/3&#8243;][tm_textblock textarea_html_bkg_color=&#8220;#ffffff&#8220;]<\/p>\n<h1>Regelung der Unternehmensnachfolge<\/h1>\n<p class=\"lead\">Die Sicherung der Nachfolge geh\u00f6rt zu den wichtigstes Aufgaben eines Familienunternehmers. Eine vorausschauende und ma\u00dfgeschneiderte Nachfolgeplanung, die ebenso wie das dazugeh\u00f6rige Unternehmertestament im Idealfall jedes Jahr aufs neue an ver\u00e4nderte Rahmenbedingungen angepasst werden muss, ist integraler Bestandteil jeder langfristigen Unternehmensplanung.<\/p>\n<p>[\/tm_textblock][tm_textblock textarea_html_bkg_color=&#8220;#ffffff&#8220;]Wir verfolgen bei der Gestaltung von Nachfolgeregelungen einen ganzheitlichen Ansatz, der das Ziel einer m\u00f6glichst vollst\u00e4ndigen Erbschaftsteuerersparnis ebenso ber\u00fccksichtigt wie betriebswirtschaftliche und psychologische Aspekte, um sp\u00e4teren Streit unter den Erben zu vermeiden. Fehlt es an einem geeigneten oder dazu bereiten Erben, entwickeln wir intelligente Stiftungsl\u00f6sungen, die den Fortbestand des Unternehmens \u00fcber Generationen hinaus gew\u00e4hrleisten. Aber auch ein Unternehmensverkauf in Tranchen, ein B\u00f6rsengang, Fremdmanagement sowie die Aufnahme eines langfristig denkenden Finanzinvestors oder unternehmerischen Partners k\u00f6nnen in Sonderf\u00e4llen eine interessante Alternative zu einer herk\u00f6mmlichen familieninternen Nachfolgeregelung darstellen.<\/p>\n<p><a class='button content-button-css-1  medium mb-30 mb-mobile-30' href='\/web\/profil'>Zur\u00fcck \u2192<\/a><div class=\"clear\"><\/div>[\/tm_textblock][\/vc_column][vc_column h_text_align=&#8220;left&#8220; h_text_align_mobile=&#8220;left&#8220; v_align=&#8220;v-align-middle&#8220; use_background=&#8220;&#8220; width=&#8220;1\/3&#8243;][\/vc_column][\/vc_row]<\/p>","protected":false},"excerpt":{"rendered":"<p>[vc_row columns_on_tablet=&#8220;keep&#8220; padding_top=&#8220;30&#8243; padding_bottom=&#8220;30&#8243; use_background=&#8220;yes&#8220; background_color=&#8220;#ffffff&#8220; use_overlay_background_color=&#8220;true&#8220;][vc_column h_text_align=&#8220;left&#8220; h_text_align_mobile=&#8220;left-on-mobile&#8220; v_align=&#8220;v-align-middle&#8220; use_background=&#8220;yes&#8220; background_color=&#8220;#ffffff&#8220; column_offset=&#8220;&#8220; column_push=&#8220;&#8220; column_pull=&#8220;&#8220; width=&#8220;1\/1&#8243;][tm_hero_2 image_id=&#8220;975&#8243; hero_column_width=&#8220;8&#8243; hero_column_offset=&#8220;2&#8243; textarea_html_bkg_color=&#8220;#ffffff&#8220; text_color=&#8220;#ffffff&#8220; content_animation=&#8220;slideInUpShort&#8220;] [\/tm_hero_2][\/vc_column][\/vc_row][vc_row force_fullwidth=&#8220;true&#8220; columns_on_tablet=&#8220;keep&#8220; padding_top=&#8220;30&#8243; padding_bottom=&#8220;30&#8243; use_background=&#8220;yes&#8220; background_color=&#8220;#ffffff&#8220; is_section_block=&#8220;yes&#8220;][vc_column h_text_align=&#8220;left&#8220; h_text_align_mobile=&#8220;left-on-mobile&#8220; v_align=&#8220;v-align-middle&#8220; use_background=&#8220;yes&#8220; background_color=&#8220;#ffffff&#8220; column_offset=&#8220;1&#8243; column_push=&#8220;&#8220; column_pull=&#8220;&#8220; width=&#8220;2\/3&#8243;][tm_textblock textarea_html_bkg_color=&#8220;#ffffff&#8220;] Regelung der Unternehmensnachfolge Die Sicherung der Nachfolge geh\u00f6rt zu den wichtigstes Aufgaben eines Familienunternehmers. Eine &#8230; <\/p>\n","protected":false},"author":2,"featured_media":0,"parent":136,"menu_order":0,"comment_status":"closed","ping_status":"closed","template":"","meta":[],"_links":{"self":[{"href":"https:\/\/binz-partner.de\/web\/wp-json\/wp\/v2\/pages\/999"}],"collection":[{"href":"https:\/\/binz-partner.de\/web\/wp-json\/wp\/v2\/pages"}],"about":[{"href":"https:\/\/binz-partner.de\/web\/wp-json\/wp\/v2\/types\/page"}],"author":[{"embeddable":true,"href":"https:\/\/binz-partner.de\/web\/wp-json\/wp\/v2\/users\/2"}],"replies":[{"embeddable":true,"href":"https:\/\/binz-partner.de\/web\/wp-json\/wp\/v2\/comments?post=999"}],"version-history":[{"count":12,"href":"https:\/\/binz-partner.de\/web\/wp-json\/wp\/v2\/pages\/999\/revisions"}],"predecessor-version":[{"id":1126,"href":"https:\/\/binz-partner.de\/web\/wp-json\/wp\/v2\/pages\/999\/revisions\/1126"}],"up":[{"embeddable":true,"href":"https:\/\/binz-partner.de\/web\/wp-json\/wp\/v2\/pages\/136"}],"wp:attachment":[{"href":"https:\/\/binz-partner.de\/web\/wp-json\/wp\/v2\/media?parent=999"}],"curies":[{"name":"wp","href":"https:\/\/api.w.org\/{rel}","templated":true}]}}